{"id":6,"date":"2023-08-10T09:21:37","date_gmt":"2023-08-10T09:21:37","guid":{"rendered":"https:\/\/dev.goodmanray.com\/?page_id=6"},"modified":"2025-03-14T10:05:05","modified_gmt":"2025-03-14T10:05:05","slug":"home","status":"publish","type":"page","link":"https:\/\/www.goodmanray.com\/fr\/","title":{"rendered":"Accueil"},"content":{"rendered":"\n<div class=\"wp-block-group is-layout-flow wp-block-group-is-layout-flow\">\n<h2 class=\"wp-block-heading h6 uppercase text-secondary\">About Us<\/h2>\n\n\n\n<div class=\"wp-block-columns is-layout-flex wp-container-core-columns-is-layout-9d6595d7 wp-block-columns-is-layout-flex\">\n<div class=\"wp-block-column is-layout-flow wp-block-column-is-layout-flow\" style=\"flex-basis:40%\">\n<h2 class=\"wp-block-heading\">We work tirelessly to find solutions to challenging and complex family problems for our clients.<\/h2>\n<\/div>\n\n\n\n<div class=\"wp-block-column hidden 2xl:block is-layout-flow wp-block-column-is-layout-flow\" style=\"flex-basis:5%\"><\/div>\n\n\n\n<div class=\"wp-block-column is-layout-flow wp-block-column-is-layout-flow\" style=\"flex-basis:55%\">\n<p>Goodman Ray is one of the leading family law firms in the UK with a national and international reputation for its work in children, divorce and family law. <\/p>\n\n\n\n<p>Our family solicitors and mediators represent high-net-worth and international clients, whilst remaining committed to delivering a cutting-edge service to its legally-aided clients.<\/p>\n\n\n\n<div class=\"wp-block-buttons is-layout-flex wp-block-buttons-is-layout-flex\">\n<div class=\"wp-block-button\"><a class=\"wp-block-button__link wp-element-button\" href=\"https:\/\/www.goodmanray.com\/about-us\/\">About Us<\/a><\/div>\n<\/div>\n<\/div>\n<\/div>\n<\/div>\n\n\n\n<div class=\"wp-block-group is-layout-flow wp-block-group-is-layout-flow\">\n<h2 class=\"wp-block-heading h6 uppercase text-secondary\">What We Do<\/h2>\n\n\n\n<h2 class=\"wp-block-heading\">Offering you a first-class service<\/h2>\n\n\n<div class=\"apwp-block services-swiper-block\">\n\n            <div id=\"services-swiper\" class=\"swiper mb-12 mt-8\">\n            <div class=\"swiper-wrapper flex\">\n                                    <div class=\"swiper-slide\">\n                        <article id=\"post-18342\" class=\"w-full service post-18342 type-service status-publish has-post-thumbnail hentry\">\n\n\t\n\t\t<header class=\"entry-header\">\n\n\t\t\t<a href=\"https:\/\/www.goodmanray.com\/fr\/our-expertise\/adoption-surrogacy-and-fertility\/\" class=\"featured-image h-full transition \" title=\"Adoption, Surrogacy and Fertility\">\n\t\t\t\t<img fetchpriority=\"high\" decoding=\"async\" width=\"500\" height=\"700\" src=\"https:\/\/www.goodmanray.com\/wp-content\/uploads\/2024\/04\/service-adoption-01-jpg-500x700.webp\" class=\"pointer-events-none aspect-[6\/10] object-contain object-top w-full h-full relative -mb-[30%] transition-transform origin-top duration-500 group-hover:scale-105 wp-post-image\" alt=\"International Adoption Solicitors - Picture of a child holding tight the finger of an adult.\" loading=\"eager\" \/>\n\t\t\t\t<div class=\"bg-gradient\"><\/div>\n\t\t\t<\/a>\n\t\t\t\t\t\t<div class=\"name\">\n\t\t\t\t<h3 class=\"entry-title !my-0 !leading-normal\">\n\t\t\t\t\tAdoption, Surrogacy and Fertility\t\t\t\t<\/h3>\n\n\t\t\t<\/div>\n\t\t<\/header>\n\n\n\n\t\n<\/article>\n\n                    <\/div>\n                                    <div class=\"swiper-slide\">\n                        <article id=\"post-18335\" class=\"w-full service post-18335 type-service status-publish has-post-thumbnail hentry\">\n\n\t\n\t\t<header class=\"entry-header\">\n\n\t\t\t<a href=\"https:\/\/www.goodmanray.com\/fr\/our-expertise\/children\/\" class=\"featured-image h-full transition \" title=\"Children Law\">\n\t\t\t\t<img decoding=\"async\" width=\"500\" height=\"700\" src=\"https:\/\/www.goodmanray.com\/wp-content\/uploads\/2024\/04\/service-children-01-jpg-500x700.webp\" class=\"pointer-events-none aspect-[6\/10] object-contain object-top w-full h-full relative -mb-[30%] transition-transform origin-top duration-500 group-hover:scale-105 wp-post-image\" alt=\"Service Children 01\" loading=\"eager\" \/>\n\t\t\t\t<div class=\"bg-gradient\"><\/div>\n\t\t\t<\/a>\n\t\t\t\t\t\t<div class=\"name\">\n\t\t\t\t<h3 class=\"entry-title !my-0 !leading-normal\">\n\t\t\t\t\tChildren Law\t\t\t\t<\/h3>\n\n\t\t\t<\/div>\n\t\t<\/header>\n\n\n\n\t\n<\/article>\n\n                    <\/div>\n                                    <div class=\"swiper-slide\">\n                        <article id=\"post-18339\" class=\"w-full service post-18339 type-service status-publish has-post-thumbnail hentry\">\n\n\t\n\t\t<header class=\"entry-header\">\n\n\t\t\t<a href=\"https:\/\/www.goodmanray.com\/fr\/our-expertise\/divorce\/\" class=\"featured-image h-full transition \" title=\"Separation, Divorce and Finances\">\n\t\t\t\t<img decoding=\"async\" width=\"500\" height=\"700\" src=\"https:\/\/www.goodmanray.com\/wp-content\/uploads\/2024\/04\/service-divorce-01-jpg-500x700.webp\" class=\"pointer-events-none aspect-[6\/10] object-contain object-top w-full h-full relative -mb-[30%] transition-transform origin-top duration-500 group-hover:scale-105 wp-post-image\" alt=\"Service Divorce 01\" loading=\"eager\" \/>\n\t\t\t\t<div class=\"bg-gradient\"><\/div>\n\t\t\t<\/a>\n\t\t\t\t\t\t<div class=\"name\">\n\t\t\t\t<h3 class=\"entry-title !my-0 !leading-normal\">\n\t\t\t\t\tSeparation, Divorce and Finances\t\t\t\t<\/h3>\n\n\t\t\t<\/div>\n\t\t<\/header>\n\n\n\n\t\n<\/article>\n\n                    <\/div>\n                                    <div class=\"swiper-slide\">\n                        <article id=\"post-18348\" class=\"w-full service post-18348 type-service status-publish has-post-thumbnail hentry\">\n\n\t\n\t\t<header class=\"entry-header\">\n\n\t\t\t<a href=\"https:\/\/www.goodmanray.com\/fr\/our-expertise\/domestic-abuse\/\" class=\"featured-image h-full transition \" title=\"Protection from Domestic Abuse\">\n\t\t\t\t<img decoding=\"async\" width=\"500\" height=\"700\" src=\"https:\/\/www.goodmanray.com\/wp-content\/uploads\/2024\/04\/service-domestic-01-jpg-500x700.webp\" class=\"pointer-events-none aspect-[6\/10] object-contain object-top w-full h-full relative -mb-[30%] transition-transform origin-top duration-500 group-hover:scale-105 wp-post-image\" alt=\"Service Domestic 01\" loading=\"eager\" \/>\n\t\t\t\t<div class=\"bg-gradient\"><\/div>\n\t\t\t<\/a>\n\t\t\t\t\t\t<div class=\"name\">\n\t\t\t\t<h3 class=\"entry-title !my-0 !leading-normal\">\n\t\t\t\t\tProtection from Domestic Abuse\t\t\t\t<\/h3>\n\n\t\t\t<\/div>\n\t\t<\/header>\n\n\n\n\t\n<\/article>\n\n                    <\/div>\n                                    <div class=\"swiper-slide\">\n                        <article id=\"post-18345\" class=\"w-full service post-18345 type-service status-publish has-post-thumbnail hentry\">\n\n\t\n\t\t<header class=\"entry-header\">\n\n\t\t\t<a href=\"https:\/\/www.goodmanray.com\/fr\/our-expertise\/international-law\/\" class=\"featured-image h-full transition \" title=\"International Law\">\n\t\t\t\t<img decoding=\"async\" width=\"500\" height=\"700\" src=\"https:\/\/www.goodmanray.com\/wp-content\/uploads\/2024\/04\/service-international-01-jpg-500x700.webp\" class=\"pointer-events-none aspect-[6\/10] object-contain object-top w-full h-full relative -mb-[30%] transition-transform origin-top duration-500 group-hover:scale-105 wp-post-image\" alt=\"Service International 01\" loading=\"eager\" \/>\n\t\t\t\t<div class=\"bg-gradient\"><\/div>\n\t\t\t<\/a>\n\t\t\t\t\t\t<div class=\"name\">\n\t\t\t\t<h3 class=\"entry-title !my-0 !leading-normal\">\n\t\t\t\t\tInternational Law\t\t\t\t<\/h3>\n\n\t\t\t<\/div>\n\t\t<\/header>\n\n\n\n\t\n<\/article>\n\n                    <\/div>\n                                    <div class=\"swiper-slide\">\n                        <article id=\"post-18349\" class=\"w-full service post-18349 type-service status-publish has-post-thumbnail hentry\">\n\n\t\n\t\t<header class=\"entry-header\">\n\n\t\t\t<a href=\"https:\/\/www.goodmanray.com\/fr\/our-expertise\/non-court-dispute-resolution\/\" class=\"featured-image h-full transition \" title=\"Non-Court Dispute Resolution\">\n\t\t\t\t<img decoding=\"async\" width=\"500\" height=\"700\" src=\"https:\/\/www.goodmanray.com\/wp-content\/uploads\/2024\/04\/service-mediation-01-jpg-500x700.webp\" class=\"pointer-events-none aspect-[6\/10] object-contain object-top w-full h-full relative -mb-[30%] transition-transform origin-top duration-500 group-hover:scale-105 wp-post-image\" alt=\"Family Mediation NCDR\" loading=\"eager\" \/>\n\t\t\t\t<div class=\"bg-gradient\"><\/div>\n\t\t\t<\/a>\n\t\t\t\t\t\t<div class=\"name\">\n\t\t\t\t<h3 class=\"entry-title !my-0 !leading-normal\">\n\t\t\t\t\tNon-Court Dispute Resolution\t\t\t\t<\/h3>\n\n\t\t\t<\/div>\n\t\t<\/header>\n\n\n\n\t\n<\/article>\n\n                    <\/div>\n                            <\/div>\n            <div class=\"swiper-navigation\">\n                <div class=\"swiper-button swiper-button-prev\"><\/div>\n                <div class=\"swiper-button swiper-button-next\"><\/div>\n            <\/div>\n        <\/div>\n        \n<\/div><\/div>\n\n\n\n<div class=\"wp-block-group is-layout-flow wp-block-group-is-layout-flow\">\n<h2 class=\"wp-block-heading h6 uppercase text-secondary\">Who We Are<\/h2>\n\n\n\n<div class=\"wp-block-columns justify-between is-layout-flex wp-container-core-columns-is-layout-9d6595d7 wp-block-columns-is-layout-flex\">\n<div class=\"wp-block-column is-layout-flow wp-block-column-is-layout-flow\" style=\"flex-basis:50%\">\n<h2 class=\"wp-block-heading\">Meet our team <br>of experts<\/h2>\n<\/div>\n\n\n\n<div class=\"wp-block-column is-layout-flow wp-block-column-is-layout-flow\" style=\"flex-basis:50%\">\n<p>&#8220;Wonderful team. All hardworking, committed and  dedicated to their clients. Real fighters, determined to ensure the best outcome for their clients. Varied and excellent skills and superb lawyers.&#8221; <em>&#8211; Legal 500<\/em><\/p>\n\n\n<div class=\"apwp-block teams-dropdown-block\">\n    <div class=\"dropdown-filter\">\n\t\t<label for=\"teams-dropdown\" class=\"sr-only\">Filter by Department<\/label>\n        <select name=\"teams-dropdown\" id=\"teams-dropdown\" onchange=\"this.options[this.selectedIndex].value &#038;&#038; (window.location = this.options[this.selectedIndex].value);\">\n            <option value=\"\" disabled selected>Filter by Department..<\/option>\n                                <option value=\"https:\/\/www.goodmanray.com\/fr\/our-team\/partners\/\">\n                        Partners                    <\/option>\n                                    <option value=\"https:\/\/www.goodmanray.com\/fr\/our-team\/senior-associates\/\">\n                        Senior Associates                    <\/option>\n                                    <option value=\"https:\/\/www.goodmanray.com\/fr\/our-team\/mediators\/\">\n                        Mediators                    <\/option>\n                                    <option value=\"https:\/\/www.goodmanray.com\/fr\/our-team\/consultants\/\">\n                        Consultants                    <\/option>\n                                    <option value=\"https:\/\/www.goodmanray.com\/fr\/our-team\/solicitors\/\">\n                        Solicitors                    <\/option>\n                                    <option value=\"https:\/\/www.goodmanray.com\/fr\/our-team\/associate-solicitors\/\">\n                        Associates                    <\/option>\n                                    <option value=\"https:\/\/www.goodmanray.com\/fr\/our-team\/legal-executives\/\">\n                        Legal Executives                    <\/option>\n                                    <option value=\"https:\/\/www.goodmanray.com\/fr\/our-team\/trainees\/\">\n                        Trainees                    <\/option>\n                                    <option value=\"https:\/\/www.goodmanray.com\/fr\/our-team\/support-staff\/\">\n                        Support Staff                    <\/option>\n                        <\/select>\n    <\/div>\n    <div class=\"dropdown-all\">\n        <div class=\"wp-block-buttons\">\n            <div class=\"wp-block-button\">\n                                    <a href=\"https:\/\/www.goodmanray.com\/fr\/our-team\/\" class=\"wp-block-button__link wp-element-button\">\n                                    View All\n                                    <\/a>\n                \n                <\/div>\n        <\/div>\n    <\/div>\n\n\n\n<\/div><\/div>\n<\/div>\n<\/div>\n","protected":false},"excerpt":{"rendered":"<p>About Us We work tirelessly to find solutions to challenging and complex family problems for&#8230;<\/p>","protected":false},"author":1,"featured_media":19593,"parent":0,"menu_order":0,"comment_status":"closed","ping_status":"closed","template":"","meta":{"_acf_changed":false,"footnotes":""},"class_list":["post-6","page","type-page","status-publish","has-post-thumbnail","hentry"],"acf":[],"yoast_head":"<!-- This site is optimized with the Yoast SEO plugin v27.3 - https:\/\/yoast.com\/product\/yoast-seo-wordpress\/ -->\n<title>Goodman Ray Solicitors - The family lawyers with a leading reputation for excellence.<\/title>\n<meta name=\"description\" content=\"About Us We work tirelessly to find solutions to challenging and complex family problems for our clients. Goodman Ray is one of the leading family law\" \/>\n<meta name=\"robots\" content=\"index, follow, max-snippet:-1, max-image-preview:large, max-video-preview:-1\" \/>\n<link rel=\"canonical\" href=\"https:\/\/www.goodmanray.com\/fr\/\" \/>\n<meta property=\"og:locale\" content=\"fr_FR\" \/>\n<meta property=\"og:type\" content=\"article\" \/>\n<meta property=\"og:title\" content=\"Goodman Ray Solicitors - The family lawyers with a leading reputation for excellence.\" \/>\n<meta property=\"og:description\" content=\"About Us We work tirelessly to find solutions to challenging and complex family problems for our clients. Goodman Ray is one of the leading family law\" \/>\n<meta property=\"og:url\" content=\"https:\/\/www.goodmanray.com\/fr\/\" \/>\n<meta property=\"og:site_name\" content=\"Goodman Ray Solicitors\" \/>\n<meta property=\"article:publisher\" content=\"https:\/\/www.facebook.com\/Goodman-Ray-Solicitors-584756541693793\/\" \/>\n<meta property=\"article:modified_time\" content=\"2025-03-14T10:05:05+00:00\" \/>\n<meta property=\"og:image\" content=\"https:\/\/www.goodmanray.com\/wp-content\/uploads\/2024\/07\/GR-Home-video-frame0-jpg.webp\" \/>\n\t<meta property=\"og:image:width\" content=\"1200\" \/>\n\t<meta property=\"og:image:height\" content=\"633\" \/>\n\t<meta property=\"og:image:type\" content=\"image\/jpeg\" \/>\n<meta name=\"twitter:card\" content=\"summary_large_image\" \/>\n<meta name=\"twitter:site\" content=\"@GoodmanRay1\" \/>\n<script type=\"application\/ld+json\" class=\"yoast-schema-graph\">{\"@context\":\"https:\\\/\\\/schema.org\",\"@graph\":[{\"@type\":\"WebPage\",\"@id\":\"https:\\\/\\\/www.goodmanray.com\\\/\",\"url\":\"https:\\\/\\\/www.goodmanray.com\\\/\",\"name\":\"Goodman Ray Solicitors - The family lawyers with a leading reputation for excellence.\",\"isPartOf\":{\"@id\":\"https:\\\/\\\/www.goodmanray.com\\\/#website\"},\"primaryImageOfPage\":{\"@id\":\"https:\\\/\\\/www.goodmanray.com\\\/#primaryimage\"},\"image\":{\"@id\":\"https:\\\/\\\/www.goodmanray.com\\\/#primaryimage\"},\"thumbnailUrl\":\"https:\\\/\\\/www.goodmanray.com\\\/wp-content\\\/uploads\\\/2024\\\/07\\\/GR-Home-video-frame0.webp\",\"datePublished\":\"2023-08-10T09:21:37+00:00\",\"dateModified\":\"2025-03-14T10:05:05+00:00\",\"description\":\"About Us We work tirelessly to find solutions to challenging and complex family problems for our clients. Goodman Ray is one of the leading family law\",\"breadcrumb\":{\"@id\":\"https:\\\/\\\/www.goodmanray.com\\\/#breadcrumb\"},\"inLanguage\":\"fr-FR\",\"potentialAction\":[{\"@type\":\"ReadAction\",\"target\":[\"https:\\\/\\\/www.goodmanray.com\\\/\"]}]},{\"@type\":\"ImageObject\",\"inLanguage\":\"fr-FR\",\"@id\":\"https:\\\/\\\/www.goodmanray.com\\\/#primaryimage\",\"url\":\"https:\\\/\\\/www.goodmanray.com\\\/wp-content\\\/uploads\\\/2024\\\/07\\\/GR-Home-video-frame0.webp\",\"contentUrl\":\"https:\\\/\\\/www.goodmanray.com\\\/wp-content\\\/uploads\\\/2024\\\/07\\\/GR-Home-video-frame0.webp\",\"width\":1200,\"height\":633,\"caption\":\"Gr Home Video Frame0\"},{\"@type\":\"BreadcrumbList\",\"@id\":\"https:\\\/\\\/www.goodmanray.com\\\/#breadcrumb\",\"itemListElement\":[{\"@type\":\"ListItem\",\"position\":1,\"name\":\"Home\",\"item\":\"https:\\\/\\\/www.goodmanray.com\\\/\"},{\"@type\":\"ListItem\",\"position\":2,\"name\":\"Home\"}]},{\"@type\":\"WebSite\",\"@id\":\"https:\\\/\\\/www.goodmanray.com\\\/#website\",\"url\":\"https:\\\/\\\/www.goodmanray.com\\\/\",\"name\":\"Goodman Ray Solicitors\",\"description\":\"The family lawyers with a leading reputation for excellence.\",\"publisher\":{\"@id\":\"https:\\\/\\\/www.goodmanray.com\\\/#organization\"},\"potentialAction\":[{\"@type\":\"SearchAction\",\"target\":{\"@type\":\"EntryPoint\",\"urlTemplate\":\"https:\\\/\\\/www.goodmanray.com\\\/?s={search_term_string}\"},\"query-input\":{\"@type\":\"PropertyValueSpecification\",\"valueRequired\":true,\"valueName\":\"search_term_string\"}}],\"inLanguage\":\"fr-FR\"},{\"@type\":\"Organization\",\"@id\":\"https:\\\/\\\/www.goodmanray.com\\\/#organization\",\"name\":\"Goodman Ray Solicitors\",\"url\":\"https:\\\/\\\/www.goodmanray.com\\\/\",\"logo\":{\"@type\":\"ImageObject\",\"inLanguage\":\"fr-FR\",\"@id\":\"https:\\\/\\\/www.goodmanray.com\\\/#\\\/schema\\\/logo\\\/image\\\/\",\"url\":\"https:\\\/\\\/www.goodmanray.com\\\/wp-content\\\/uploads\\\/2023\\\/11\\\/GoodmanRayLogo350x70-0.svg\",\"contentUrl\":\"https:\\\/\\\/www.goodmanray.com\\\/wp-content\\\/uploads\\\/2023\\\/11\\\/GoodmanRayLogo350x70-0.svg\",\"caption\":\"Goodman Ray Solicitors\"},\"image\":{\"@id\":\"https:\\\/\\\/www.goodmanray.com\\\/#\\\/schema\\\/logo\\\/image\\\/\"},\"sameAs\":[\"https:\\\/\\\/www.facebook.com\\\/Goodman-Ray-Solicitors-584756541693793\\\/\",\"https:\\\/\\\/x.com\\\/GoodmanRay1\",\"https:\\\/\\\/uk.linkedin.com\\\/company\\\/goodman-ray\",\"https:\\\/\\\/www.instagram.com\\\/goodmanraysolicitors\\\/\"]}]}<\/script>\n<!-- \/ Yoast SEO plugin. -->","yoast_head_json":{"title":"Goodman Ray Solicitors - The family lawyers with a leading reputation for excellence.","description":"About Us We work tirelessly to find solutions to challenging and complex family problems for our clients. Goodman Ray is one of the leading family law","robots":{"index":"index","follow":"follow","max-snippet":"max-snippet:-1","max-image-preview":"max-image-preview:large","max-video-preview":"max-video-preview:-1"},"canonical":"https:\/\/www.goodmanray.com\/fr\/","og_locale":"fr_FR","og_type":"article","og_title":"Goodman Ray Solicitors - The family lawyers with a leading reputation for excellence.","og_description":"About Us We work tirelessly to find solutions to challenging and complex family problems for our clients. Goodman Ray is one of the leading family law","og_url":"https:\/\/www.goodmanray.com\/fr\/","og_site_name":"Goodman Ray Solicitors","article_publisher":"https:\/\/www.facebook.com\/Goodman-Ray-Solicitors-584756541693793\/","article_modified_time":"2025-03-14T10:05:05+00:00","og_image":[{"width":1200,"height":633,"url":"https:\/\/www.goodmanray.com\/wp-content\/uploads\/2024\/07\/GR-Home-video-frame0-jpg.webp","type":"image\/jpeg"}],"twitter_card":"summary_large_image","twitter_site":"@GoodmanRay1","schema":{"@context":"https:\/\/schema.org","@graph":[{"@type":"WebPage","@id":"https:\/\/www.goodmanray.com\/","url":"https:\/\/www.goodmanray.com\/","name":"Goodman Ray Solicitors - The family lawyers with a leading reputation for excellence.","isPartOf":{"@id":"https:\/\/www.goodmanray.com\/#website"},"primaryImageOfPage":{"@id":"https:\/\/www.goodmanray.com\/#primaryimage"},"image":{"@id":"https:\/\/www.goodmanray.com\/#primaryimage"},"thumbnailUrl":"https:\/\/www.goodmanray.com\/wp-content\/uploads\/2024\/07\/GR-Home-video-frame0.webp","datePublished":"2023-08-10T09:21:37+00:00","dateModified":"2025-03-14T10:05:05+00:00","description":"About Us We work tirelessly to find solutions to challenging and complex family problems for our clients. Goodman Ray is one of the leading family law","breadcrumb":{"@id":"https:\/\/www.goodmanray.com\/#breadcrumb"},"inLanguage":"fr-FR","potentialAction":[{"@type":"ReadAction","target":["https:\/\/www.goodmanray.com\/"]}]},{"@type":"ImageObject","inLanguage":"fr-FR","@id":"https:\/\/www.goodmanray.com\/#primaryimage","url":"https:\/\/www.goodmanray.com\/wp-content\/uploads\/2024\/07\/GR-Home-video-frame0.webp","contentUrl":"https:\/\/www.goodmanray.com\/wp-content\/uploads\/2024\/07\/GR-Home-video-frame0.webp","width":1200,"height":633,"caption":"Gr Home Video Frame0"},{"@type":"BreadcrumbList","@id":"https:\/\/www.goodmanray.com\/#breadcrumb","itemListElement":[{"@type":"ListItem","position":1,"name":"Home","item":"https:\/\/www.goodmanray.com\/"},{"@type":"ListItem","position":2,"name":"Home"}]},{"@type":"WebSite","@id":"https:\/\/www.goodmanray.com\/#website","url":"https:\/\/www.goodmanray.com\/","name":"Goodman Ray Solicitors","description":"Les avocats sp\u00e9cialis\u00e9s en droit de la famille qui jouissent d'une r\u00e9putation d'excellence.","publisher":{"@id":"https:\/\/www.goodmanray.com\/#organization"},"potentialAction":[{"@type":"SearchAction","target":{"@type":"EntryPoint","urlTemplate":"https:\/\/www.goodmanray.com\/?s={search_term_string}"},"query-input":{"@type":"PropertyValueSpecification","valueRequired":true,"valueName":"search_term_string"}}],"inLanguage":"fr-FR"},{"@type":"Organization","@id":"https:\/\/www.goodmanray.com\/#organization","name":"Goodman Ray Solicitors","url":"https:\/\/www.goodmanray.com\/","logo":{"@type":"ImageObject","inLanguage":"fr-FR","@id":"https:\/\/www.goodmanray.com\/#\/schema\/logo\/image\/","url":"https:\/\/www.goodmanray.com\/wp-content\/uploads\/2023\/11\/GoodmanRayLogo350x70-0.svg","contentUrl":"https:\/\/www.goodmanray.com\/wp-content\/uploads\/2023\/11\/GoodmanRayLogo350x70-0.svg","caption":"Goodman Ray Solicitors"},"image":{"@id":"https:\/\/www.goodmanray.com\/#\/schema\/logo\/image\/"},"sameAs":["https:\/\/www.facebook.com\/Goodman-Ray-Solicitors-584756541693793\/","https:\/\/x.com\/GoodmanRay1","https:\/\/uk.linkedin.com\/company\/goodman-ray","https:\/\/www.instagram.com\/goodmanraysolicitors\/"]}]}},"_links":{"self":[{"href":"https:\/\/www.goodmanray.com\/fr\/wp-json\/wp\/v2\/pages\/6","targetHints":{"allow":["GET"]}}],"collection":[{"href":"https:\/\/www.goodmanray.com\/fr\/wp-json\/wp\/v2\/pages"}],"about":[{"href":"https:\/\/www.goodmanray.com\/fr\/wp-json\/wp\/v2\/types\/page"}],"author":[{"embeddable":true,"href":"https:\/\/www.goodmanray.com\/fr\/wp-json\/wp\/v2\/users\/1"}],"replies":[{"embeddable":true,"href":"https:\/\/www.goodmanray.com\/fr\/wp-json\/wp\/v2\/comments?post=6"}],"version-history":[{"count":3,"href":"https:\/\/www.goodmanray.com\/fr\/wp-json\/wp\/v2\/pages\/6\/revisions"}],"predecessor-version":[{"id":20239,"href":"https:\/\/www.goodmanray.com\/fr\/wp-json\/wp\/v2\/pages\/6\/revisions\/20239"}],"wp:featuredmedia":[{"embeddable":true,"href":"https:\/\/www.goodmanray.com\/fr\/wp-json\/wp\/v2\/media\/19593"}],"wp:attachment":[{"href":"https:\/\/www.goodmanray.com\/fr\/wp-json\/wp\/v2\/media?parent=6"}],"curies":[{"name":"wp","href":"https:\/\/api.w.org\/{rel}","templated":true}]}}