{"id":18289,"date":"2024-02-05T11:45:24","date_gmt":"2024-02-05T11:45:24","guid":{"rendered":"https:\/\/dev.goodmanray.com\/?page_id=18289"},"modified":"2026-04-21T11:07:17","modified_gmt":"2026-04-21T10:07:17","slug":"legal-terms","status":"publish","type":"page","link":"https:\/\/www.goodmanray.com\/fr\/legal-terms\/","title":{"rendered":"Mentions l\u00e9gales et conditions"},"content":{"rendered":"<h3 class=\"wp-block-heading\">Veuillez vous assurer que vous comprenez et acceptez les points suivants avant d'utiliser ce site web<\/h3>\n\n\n\n<h4 class=\"wp-block-heading\">Avis de confidentialit\u00e9 du site web (y compris l'utilisation des cookies)<\/h4>\n\n\n\n<p>Nous accordons une grande importance \u00e0 la protection de votre vie priv\u00e9e. Nous pouvons recueillir des informations vous concernant lorsque vous demandez des renseignements sur nous ou nos services, ou lorsque vous soumettez vos donn\u00e9es personnelles et\/ou remplissez des formulaires sur ce site web. Toute information ou donn\u00e9e que vous pouvez fournir \u00e0 tout moment sera trait\u00e9e de mani\u00e8re confidentielle et ne sera pas \u00e9chang\u00e9e, vendue ou lou\u00e9e \u00e0 un tiers, mais toutes les informations sont fournies \u00e0 vos propres risques, car nous ne pouvons pas garantir la s\u00e9curit\u00e9 de vos donn\u00e9es transmises \u00e0 notre site.<\/p>\n\n\n\n<p>Lorsque vous acc\u00e9dez \u00e0 ce site web, le navigateur de votre ordinateur nous fournit certaines informations \u00e9lectroniques (telles que votre adresse IP, le type de navigateur et le temps d'acc\u00e8s).<\/p>\n\n\n\n<p>De plus amples informations sur les \u2018cookies\u2019 et la mani\u00e8re dont nous les utilisons sont disponibles sur ce site web dans la \u2018Politique en mati\u00e8re de cookies\u2019.<\/p>\n\n\n\n<h5 class=\"wp-block-heading\">Clause de non-responsabilit\u00e9<\/h5>\n\n\n\n<p>Les documents figurant sur ce site web ne constituent pas un avis juridique et sont fournis \u00e0 titre d'information g\u00e9n\u00e9rale uniquement. Aucune garantie, expresse ou implicite, n'est donn\u00e9e en ce qui concerne ces documents. Nous ne sommes pas responsables des erreurs techniques, \u00e9ditoriales, typographiques ou autres, ni des omissions dans les informations fournies sur ce site web. Nous ne sommes pas non plus responsables du contenu des images web ou des informations li\u00e9es \u00e0 ce site web.<\/p>\n\n\n\n<h4 class=\"wp-block-heading\">Politique en mati\u00e8re de cookies<\/h4>\n\n\n\n<h5 class=\"wp-block-heading\">Google Analytics<\/h5>\n\n\n\n<p>Nous utilisons des cookies Google Analytics sur le site web \u00e0 des fins de suivi. Ces cookies nous permettent de comprendre le trafic g\u00e9n\u00e9ral sur notre site web, par exemple le nombre de visiteurs et le temps pass\u00e9 sur le site. Ce processus permet de collecter des donn\u00e9es, mais sous une forme anonyme, pour nous aider \u00e0 apporter des am\u00e9liorations, \u00e0 d\u00e9velopper le site web et \u00e0 am\u00e9liorer l'exp\u00e9rience de l'utilisateur.<\/p>\n\n\n\n<h5 class=\"wp-block-heading\">Pr\u00e9f\u00e9rences en mati\u00e8re de protection de la vie priv\u00e9e<\/h5>\n\n\n\n<p>Nous utilisons un cookie de suivi, qui est ajout\u00e9 \u00e0 votre ordinateur, pour m\u00e9moriser vos pr\u00e9f\u00e9rences en mati\u00e8re de cookies, c'est-\u00e0-dire pour savoir si vous les avez autoris\u00e9s ou refus\u00e9s.<\/p>\n\n\n\n<h4 class=\"wp-block-heading\">Conditions d'utilisation de ce site web<\/h4>\n\n\n\n<h5 class=\"wp-block-heading\">Informations sur ce site web<\/h5>\n\n\n\n<p>Ce site est le site officiel de Goodman Ray Solicitors LLP et est g\u00e9r\u00e9 par eux. Goodman Ray Solicitors LLP est un cabinet d'avocats anglais autoris\u00e9 et r\u00e9glement\u00e9 par la Solicitors Regulation Authority. En utilisant ce site web, vous acceptez les conditions g\u00e9n\u00e9rales suivantes, veuillez les lire attentivement. Nous nous r\u00e9servons le droit de modifier le contenu de ce site \u00e0 tout moment.<\/p>\n\n\n\n<p>Application et modification des pr\u00e9sentes conditions d'utilisation du site web.<\/p>\n\n\n\n<p>L'utilisation de ce site web ne cr\u00e9e pas de relation client-avocat et est soumise aux termes et conditions \u00e9nonc\u00e9s ici. Nous pouvons modifier les conditions d'utilisation \u00e0 tout moment en publiant de nouvelles conditions sur ce site web, \u00e0 la suite de quoi toute utilisation du site web sera r\u00e9gie par les nouvelles conditions.<\/p>\n\n\n\n<p>Bien que nous ayons apport\u00e9 le plus grand soin \u00e0 la pr\u00e9paration de ce site web et que nous ayons pris des mesures raisonnables pour veiller \u00e0 ce que son contenu soit exempt d'erreurs, nous ne pouvons garantir que les informations seront toujours \u00e0 jour et exemptes d'erreurs ou que le site web ne contiendra pas de virus.<\/p>\n\n\n\n<p>L'utilisation du site web se fait \u00e0 vos propres risques. Toute responsabilit\u00e9 en cas de perte ou de dommage r\u00e9sultant de l'utilisation de ce site est exclue dans la mesure permise par la loi.<\/p>\n\n\n\n<h4 class=\"wp-block-heading\">Droit d'auteur<\/h4>\n\n\n\n<p>Les droits d'auteur (et tout autre droit de propri\u00e9t\u00e9 intellectuelle attach\u00e9) au contenu de ce site web ou aux publications qu'il contient sont la propri\u00e9t\u00e9 de Goodman Ray Solicitors LLP. Vous pouvez t\u00e9l\u00e9charger et stocker temporairement des pages de ce site web dans le seul but de les consulter.<\/p>\n\n\n\n<h4 class=\"wp-block-heading\">Anti-Harassment Policy<\/h4>\n\n\n\n<p>Goodman Ray operates a zero-tolerance policy in relation to harassment, in any form, against one of its employees by a third party such as a client, contractor, or visitor. Harassment is taken seriously and is totally unacceptable. Goodman Ray are committed to creating a safe, inclusive and supportive environment free from harassment, victimisation and discrimination. We expect all interacting parties to be treated with mutual dignity and respect. Any allegation of harassment will be investigated and if Goodman Ray find that the allegation is well-founded, Goodman Ray will take steps deemed necessary to remedy this. If you experience or witness inappropriate behaviour in any form, you are encouraged to notify us of this as soon as possible by contacting the Practice Manager at <a href=\"mailto:mail@goodmanray.com\">mail@goodmanray.com<\/a><\/p>","protected":false},"excerpt":{"rendered":"<p>Please ensure you understand and agree to the following before using this web site Website&#8230;<\/p>","protected":false},"author":1,"featured_media":19378,"parent":0,"menu_order":999,"comment_status":"closed","ping_status":"closed","template":"","meta":{"_acf_changed":false,"footnotes":""},"class_list":["post-18289","page","type-page","status-publish","has-post-thumbnail","hentry"],"acf":[],"yoast_head":"<!-- This site is optimized with the Yoast SEO plugin v27.5 - https:\/\/yoast.com\/product\/yoast-seo-wordpress\/ -->\n<title>Legal &amp; Terms - Goodman Ray Solicitors<\/title>\n<meta name=\"description\" content=\"Please ensure you understand and agree to the following before using this web site Website Privacy Notice (Including Use of Cookies) Your privacy is\" \/>\n<meta name=\"robots\" content=\"index, follow, max-snippet:-1, max-image-preview:large, max-video-preview:-1\" \/>\n<link rel=\"canonical\" href=\"https:\/\/www.goodmanray.com\/fr\/legal-terms\/\" \/>\n<meta property=\"og:locale\" content=\"fr_FR\" \/>\n<meta property=\"og:type\" content=\"article\" \/>\n<meta property=\"og:title\" content=\"Legal &amp; Terms - Goodman Ray Solicitors\" \/>\n<meta property=\"og:description\" content=\"Please ensure you understand and agree to the following before using this web site Website Privacy Notice (Including Use of Cookies) Your privacy is\" \/>\n<meta property=\"og:url\" content=\"https:\/\/www.goodmanray.com\/fr\/legal-terms\/\" \/>\n<meta property=\"og:site_name\" content=\"Goodman Ray Solicitors\" \/>\n<meta property=\"article:publisher\" content=\"https:\/\/www.facebook.com\/Goodman-Ray-Solicitors-584756541693793\/\" \/>\n<meta property=\"article:modified_time\" content=\"2026-04-21T10:07:17+00:00\" \/>\n<meta property=\"og:image\" content=\"https:\/\/www.goodmanray.com\/wp-content\/uploads\/2024\/05\/Privacy-Policy-feature-image-jpg-webp.webp\" \/>\n\t<meta property=\"og:image:width\" content=\"1200\" \/>\n\t<meta property=\"og:image:height\" content=\"800\" \/>\n\t<meta property=\"og:image:type\" content=\"image\/jpeg\" \/>\n<meta name=\"twitter:card\" content=\"summary_large_image\" \/>\n<meta name=\"twitter:site\" content=\"@GoodmanRay1\" \/>\n<script type=\"application\/ld+json\" class=\"yoast-schema-graph\">{\"@context\":\"https:\\\/\\\/schema.org\",\"@graph\":[{\"@type\":\"WebPage\",\"@id\":\"https:\\\/\\\/www.goodmanray.com\\\/legal-terms\\\/\",\"url\":\"https:\\\/\\\/www.goodmanray.com\\\/legal-terms\\\/\",\"name\":\"Legal &amp; Terms - Goodman Ray Solicitors\",\"isPartOf\":{\"@id\":\"https:\\\/\\\/www.goodmanray.com\\\/#website\"},\"primaryImageOfPage\":{\"@id\":\"https:\\\/\\\/www.goodmanray.com\\\/legal-terms\\\/#primaryimage\"},\"image\":{\"@id\":\"https:\\\/\\\/www.goodmanray.com\\\/legal-terms\\\/#primaryimage\"},\"thumbnailUrl\":\"https:\\\/\\\/www.goodmanray.com\\\/wp-content\\\/uploads\\\/2024\\\/05\\\/Privacy-Policy-feature-image-jpg-webp.webp\",\"datePublished\":\"2024-02-05T11:45:24+00:00\",\"dateModified\":\"2026-04-21T10:07:17+00:00\",\"description\":\"Please ensure you understand and agree to the following before using this web site Website Privacy Notice (Including Use of Cookies) Your privacy is\",\"breadcrumb\":{\"@id\":\"https:\\\/\\\/www.goodmanray.com\\\/legal-terms\\\/#breadcrumb\"},\"inLanguage\":\"fr-FR\",\"potentialAction\":[{\"@type\":\"ReadAction\",\"target\":[\"https:\\\/\\\/www.goodmanray.com\\\/legal-terms\\\/\"]}]},{\"@type\":\"ImageObject\",\"inLanguage\":\"fr-FR\",\"@id\":\"https:\\\/\\\/www.goodmanray.com\\\/legal-terms\\\/#primaryimage\",\"url\":\"https:\\\/\\\/www.goodmanray.com\\\/wp-content\\\/uploads\\\/2024\\\/05\\\/Privacy-Policy-feature-image-jpg-webp.webp\",\"contentUrl\":\"https:\\\/\\\/www.goodmanray.com\\\/wp-content\\\/uploads\\\/2024\\\/05\\\/Privacy-Policy-feature-image-jpg-webp.webp\",\"width\":1200,\"height\":800,\"caption\":\"Privacy Policy Feature Image\"},{\"@type\":\"BreadcrumbList\",\"@id\":\"https:\\\/\\\/www.goodmanray.com\\\/legal-terms\\\/#breadcrumb\",\"itemListElement\":[{\"@type\":\"ListItem\",\"position\":1,\"name\":\"Home\",\"item\":\"https:\\\/\\\/www.goodmanray.com\\\/\"},{\"@type\":\"ListItem\",\"position\":2,\"name\":\"Legal &amp; Terms\"}]},{\"@type\":\"WebSite\",\"@id\":\"https:\\\/\\\/www.goodmanray.com\\\/#website\",\"url\":\"https:\\\/\\\/www.goodmanray.com\\\/\",\"name\":\"Goodman Ray Solicitors\",\"description\":\"The family lawyers with a leading reputation for excellence.\",\"publisher\":{\"@id\":\"https:\\\/\\\/www.goodmanray.com\\\/#organization\"},\"potentialAction\":[{\"@type\":\"SearchAction\",\"target\":{\"@type\":\"EntryPoint\",\"urlTemplate\":\"https:\\\/\\\/www.goodmanray.com\\\/?s={search_term_string}\"},\"query-input\":{\"@type\":\"PropertyValueSpecification\",\"valueRequired\":true,\"valueName\":\"search_term_string\"}}],\"inLanguage\":\"fr-FR\"},{\"@type\":\"Organization\",\"@id\":\"https:\\\/\\\/www.goodmanray.com\\\/#organization\",\"name\":\"Goodman Ray Solicitors\",\"url\":\"https:\\\/\\\/www.goodmanray.com\\\/\",\"logo\":{\"@type\":\"ImageObject\",\"inLanguage\":\"fr-FR\",\"@id\":\"https:\\\/\\\/www.goodmanray.com\\\/#\\\/schema\\\/logo\\\/image\\\/\",\"url\":\"https:\\\/\\\/www.goodmanray.com\\\/wp-content\\\/uploads\\\/2023\\\/11\\\/GoodmanRayLogo350x70-0.svg\",\"contentUrl\":\"https:\\\/\\\/www.goodmanray.com\\\/wp-content\\\/uploads\\\/2023\\\/11\\\/GoodmanRayLogo350x70-0.svg\",\"caption\":\"Goodman Ray Solicitors\"},\"image\":{\"@id\":\"https:\\\/\\\/www.goodmanray.com\\\/#\\\/schema\\\/logo\\\/image\\\/\"},\"sameAs\":[\"https:\\\/\\\/www.facebook.com\\\/Goodman-Ray-Solicitors-584756541693793\\\/\",\"https:\\\/\\\/x.com\\\/GoodmanRay1\",\"https:\\\/\\\/uk.linkedin.com\\\/company\\\/goodman-ray\",\"https:\\\/\\\/www.instagram.com\\\/goodmanraysolicitors\\\/\"]}]}<\/script>\n<!-- \/ Yoast SEO plugin. -->","yoast_head_json":{"title":"Legal &amp; Terms - Goodman Ray Solicitors","description":"Please ensure you understand and agree to the following before using this web site Website Privacy Notice (Including Use of Cookies) Your privacy is","robots":{"index":"index","follow":"follow","max-snippet":"max-snippet:-1","max-image-preview":"max-image-preview:large","max-video-preview":"max-video-preview:-1"},"canonical":"https:\/\/www.goodmanray.com\/fr\/legal-terms\/","og_locale":"fr_FR","og_type":"article","og_title":"Legal &amp; Terms - Goodman Ray Solicitors","og_description":"Please ensure you understand and agree to the following before using this web site Website Privacy Notice (Including Use of Cookies) Your privacy is","og_url":"https:\/\/www.goodmanray.com\/fr\/legal-terms\/","og_site_name":"Goodman Ray Solicitors","article_publisher":"https:\/\/www.facebook.com\/Goodman-Ray-Solicitors-584756541693793\/","article_modified_time":"2026-04-21T10:07:17+00:00","og_image":[{"width":1200,"height":800,"url":"https:\/\/www.goodmanray.com\/wp-content\/uploads\/2024\/05\/Privacy-Policy-feature-image-jpg-webp.webp","type":"image\/jpeg"}],"twitter_card":"summary_large_image","twitter_site":"@GoodmanRay1","schema":{"@context":"https:\/\/schema.org","@graph":[{"@type":"WebPage","@id":"https:\/\/www.goodmanray.com\/legal-terms\/","url":"https:\/\/www.goodmanray.com\/legal-terms\/","name":"Legal &amp; Terms - Goodman Ray Solicitors","isPartOf":{"@id":"https:\/\/www.goodmanray.com\/#website"},"primaryImageOfPage":{"@id":"https:\/\/www.goodmanray.com\/legal-terms\/#primaryimage"},"image":{"@id":"https:\/\/www.goodmanray.com\/legal-terms\/#primaryimage"},"thumbnailUrl":"https:\/\/www.goodmanray.com\/wp-content\/uploads\/2024\/05\/Privacy-Policy-feature-image-jpg-webp.webp","datePublished":"2024-02-05T11:45:24+00:00","dateModified":"2026-04-21T10:07:17+00:00","description":"Please ensure you understand and agree to the following before using this web site Website Privacy Notice (Including Use of Cookies) Your privacy is","breadcrumb":{"@id":"https:\/\/www.goodmanray.com\/legal-terms\/#breadcrumb"},"inLanguage":"fr-FR","potentialAction":[{"@type":"ReadAction","target":["https:\/\/www.goodmanray.com\/legal-terms\/"]}]},{"@type":"ImageObject","inLanguage":"fr-FR","@id":"https:\/\/www.goodmanray.com\/legal-terms\/#primaryimage","url":"https:\/\/www.goodmanray.com\/wp-content\/uploads\/2024\/05\/Privacy-Policy-feature-image-jpg-webp.webp","contentUrl":"https:\/\/www.goodmanray.com\/wp-content\/uploads\/2024\/05\/Privacy-Policy-feature-image-jpg-webp.webp","width":1200,"height":800,"caption":"Privacy Policy Feature Image"},{"@type":"BreadcrumbList","@id":"https:\/\/www.goodmanray.com\/legal-terms\/#breadcrumb","itemListElement":[{"@type":"ListItem","position":1,"name":"Home","item":"https:\/\/www.goodmanray.com\/"},{"@type":"ListItem","position":2,"name":"Legal &amp; Terms"}]},{"@type":"WebSite","@id":"https:\/\/www.goodmanray.com\/#website","url":"https:\/\/www.goodmanray.com\/","name":"Goodman Ray Solicitors","description":"Les avocats sp\u00e9cialis\u00e9s en droit de la famille qui jouissent d'une r\u00e9putation d'excellence.","publisher":{"@id":"https:\/\/www.goodmanray.com\/#organization"},"potentialAction":[{"@type":"SearchAction","target":{"@type":"EntryPoint","urlTemplate":"https:\/\/www.goodmanray.com\/?s={search_term_string}"},"query-input":{"@type":"PropertyValueSpecification","valueRequired":true,"valueName":"search_term_string"}}],"inLanguage":"fr-FR"},{"@type":"Organization","@id":"https:\/\/www.goodmanray.com\/#organization","name":"Goodman Ray Solicitors","url":"https:\/\/www.goodmanray.com\/","logo":{"@type":"ImageObject","inLanguage":"fr-FR","@id":"https:\/\/www.goodmanray.com\/#\/schema\/logo\/image\/","url":"https:\/\/www.goodmanray.com\/wp-content\/uploads\/2023\/11\/GoodmanRayLogo350x70-0.svg","contentUrl":"https:\/\/www.goodmanray.com\/wp-content\/uploads\/2023\/11\/GoodmanRayLogo350x70-0.svg","caption":"Goodman Ray Solicitors"},"image":{"@id":"https:\/\/www.goodmanray.com\/#\/schema\/logo\/image\/"},"sameAs":["https:\/\/www.facebook.com\/Goodman-Ray-Solicitors-584756541693793\/","https:\/\/x.com\/GoodmanRay1","https:\/\/uk.linkedin.com\/company\/goodman-ray","https:\/\/www.instagram.com\/goodmanraysolicitors\/"]}]}},"_links":{"self":[{"href":"https:\/\/www.goodmanray.com\/fr\/wp-json\/wp\/v2\/pages\/18289","targetHints":{"allow":["GET"]}}],"collection":[{"href":"https:\/\/www.goodmanray.com\/fr\/wp-json\/wp\/v2\/pages"}],"about":[{"href":"https:\/\/www.goodmanray.com\/fr\/wp-json\/wp\/v2\/types\/page"}],"author":[{"embeddable":true,"href":"https:\/\/www.goodmanray.com\/fr\/wp-json\/wp\/v2\/users\/1"}],"replies":[{"embeddable":true,"href":"https:\/\/www.goodmanray.com\/fr\/wp-json\/wp\/v2\/comments?post=18289"}],"version-history":[{"count":2,"href":"https:\/\/www.goodmanray.com\/fr\/wp-json\/wp\/v2\/pages\/18289\/revisions"}],"predecessor-version":[{"id":21422,"href":"https:\/\/www.goodmanray.com\/fr\/wp-json\/wp\/v2\/pages\/18289\/revisions\/21422"}],"wp:featuredmedia":[{"embeddable":true,"href":"https:\/\/www.goodmanray.com\/fr\/wp-json\/wp\/v2\/media\/19378"}],"wp:attachment":[{"href":"https:\/\/www.goodmanray.com\/fr\/wp-json\/wp\/v2\/media?parent=18289"}],"curies":[{"name":"wp","href":"https:\/\/api.w.org\/{rel}","templated":true}]}}