{"id":9,"date":"2023-08-10T09:21:56","date_gmt":"2023-08-10T09:21:56","guid":{"rendered":"https:\/\/dev.goodmanray.com\/?page_id=9"},"modified":"2024-05-22T16:07:31","modified_gmt":"2024-05-22T15:07:31","slug":"about-us","status":"publish","type":"page","link":"https:\/\/www.goodmanray.com\/es\/about-us\/","title":{"rendered":"Qui\u00e9nes somos"},"content":{"rendered":"<blockquote class=\"wp-block-quote is-layout-flow wp-block-quote-is-layout-flow\">\n<p>Los abogados de familia con mayor reputaci\u00f3n por su excelencia<\/p>\n<\/blockquote>\n\n\n\n<h2 class=\"wp-block-heading\">Acerca de Goodman Ray<\/h2>\n\n\n\n<p>Goodman Ray es uno de los principales bufetes de derecho de familia del Reino Unido, con una reputaci\u00f3n nacional e internacional por su trabajo en derecho de menores y de familia. Goodman Ray ofrece un servicio de primera clase en todo el espectro del derecho de familia, incluyendo financiaci\u00f3n matrimonial, cohabitaci\u00f3n, adopci\u00f3n internacional, gestaci\u00f3n subrogada, sustracci\u00f3n de menores, medidas cautelares por matrimonio forzoso y derecho de menores. El bufete representa a clientes internacionales y de alto poder adquisitivo, al tiempo que mantiene su compromiso de prestar un servicio de vanguardia a sus clientes con asistencia jur\u00eddica.<\/p>\n\n\n\n<p>El enfoque directo e innovador de Goodman Ray es bien acogido por los clientes y queda demostrado por la participaci\u00f3n de sus abogados en otras organizaciones profesionales. Los clientes tienen la garant\u00eda de contar con una representaci\u00f3n experta por parte de abogados que luchar\u00e1n sin miedo por sus intereses, al tiempo que comparten la \u00e9tica del bufete, centrada en el menor, y promueven la resoluci\u00f3n alternativa de conflictos cuando procede.<\/p>\n\n\n\n<div class=\"wp-block-buttons is-layout-flex wp-block-buttons-is-layout-flex\">\n<div class=\"wp-block-button\"><a class=\"wp-block-button__link wp-element-button\" href=\"https:\/\/www.goodmanray.com\/es\/our-history\/\">Nuestra historia<\/a><\/div>\n<\/div>","protected":false},"excerpt":{"rendered":"<p>The Family Lawyers with a leading reputation for excellence About Goodman Ray Goodman Ray is&#8230;<\/p>","protected":false},"author":1,"featured_media":19103,"parent":0,"menu_order":0,"comment_status":"closed","ping_status":"closed","template":"page-with-sidebar.php","meta":{"_acf_changed":false,"footnotes":""},"class_list":["post-9","page","type-page","status-publish","has-post-thumbnail","hentry"],"acf":[],"yoast_head":"<!-- This site is optimized with the Yoast SEO plugin v27.5 - https:\/\/yoast.com\/product\/yoast-seo-wordpress\/ -->\n<title>About Us - Goodman Ray Solicitors<\/title>\n<meta name=\"description\" content=\"The Family Lawyers with a leading reputation for excellence About Goodman Ray Goodman Ray is one of the leading family law firms in the UK; with a\" \/>\n<meta name=\"robots\" content=\"index, follow, max-snippet:-1, max-image-preview:large, max-video-preview:-1\" \/>\n<link rel=\"canonical\" href=\"https:\/\/www.goodmanray.com\/es\/about-us\/\" \/>\n<meta property=\"og:locale\" content=\"es_ES\" \/>\n<meta property=\"og:type\" content=\"article\" \/>\n<meta property=\"og:title\" content=\"About Us - Goodman Ray Solicitors\" \/>\n<meta property=\"og:description\" content=\"The Family Lawyers with a leading reputation for excellence About Goodman Ray Goodman Ray is one of the leading family law firms in the UK; with a\" \/>\n<meta property=\"og:url\" content=\"https:\/\/www.goodmanray.com\/es\/about-us\/\" \/>\n<meta property=\"og:site_name\" content=\"Goodman Ray Solicitors\" \/>\n<meta property=\"article:publisher\" content=\"https:\/\/www.facebook.com\/Goodman-Ray-Solicitors-584756541693793\/\" \/>\n<meta property=\"article:modified_time\" content=\"2024-05-22T15:07:31+00:00\" \/>\n<meta property=\"og:image\" content=\"https:\/\/www.goodmanray.com\/wp-content\/uploads\/2024\/04\/page-about-jpg-webp.webp\" \/>\n\t<meta property=\"og:image:width\" content=\"1200\" \/>\n\t<meta property=\"og:image:height\" content=\"675\" \/>\n\t<meta property=\"og:image:type\" content=\"image\/jpeg\" \/>\n<meta name=\"twitter:card\" content=\"summary_large_image\" \/>\n<meta name=\"twitter:site\" content=\"@GoodmanRay1\" \/>\n<script type=\"application\/ld+json\" class=\"yoast-schema-graph\">{\"@context\":\"https:\\\/\\\/schema.org\",\"@graph\":[{\"@type\":\"WebPage\",\"@id\":\"https:\\\/\\\/www.goodmanray.com\\\/about-us\\\/\",\"url\":\"https:\\\/\\\/www.goodmanray.com\\\/about-us\\\/\",\"name\":\"About Us - Goodman Ray Solicitors\",\"isPartOf\":{\"@id\":\"https:\\\/\\\/www.goodmanray.com\\\/#website\"},\"primaryImageOfPage\":{\"@id\":\"https:\\\/\\\/www.goodmanray.com\\\/about-us\\\/#primaryimage\"},\"image\":{\"@id\":\"https:\\\/\\\/www.goodmanray.com\\\/about-us\\\/#primaryimage\"},\"thumbnailUrl\":\"https:\\\/\\\/www.goodmanray.com\\\/wp-content\\\/uploads\\\/2024\\\/04\\\/page-about-jpg-webp.webp\",\"datePublished\":\"2023-08-10T09:21:56+00:00\",\"dateModified\":\"2024-05-22T15:07:31+00:00\",\"description\":\"The Family Lawyers with a leading reputation for excellence About Goodman Ray Goodman Ray is one of the leading family law firms in the UK; with a\",\"breadcrumb\":{\"@id\":\"https:\\\/\\\/www.goodmanray.com\\\/about-us\\\/#breadcrumb\"},\"inLanguage\":\"es\",\"potentialAction\":[{\"@type\":\"ReadAction\",\"target\":[\"https:\\\/\\\/www.goodmanray.com\\\/about-us\\\/\"]}]},{\"@type\":\"ImageObject\",\"inLanguage\":\"es\",\"@id\":\"https:\\\/\\\/www.goodmanray.com\\\/about-us\\\/#primaryimage\",\"url\":\"https:\\\/\\\/www.goodmanray.com\\\/wp-content\\\/uploads\\\/2024\\\/04\\\/page-about-jpg-webp.webp\",\"contentUrl\":\"https:\\\/\\\/www.goodmanray.com\\\/wp-content\\\/uploads\\\/2024\\\/04\\\/page-about-jpg-webp.webp\",\"width\":1200,\"height\":675,\"caption\":\"Page About\"},{\"@type\":\"BreadcrumbList\",\"@id\":\"https:\\\/\\\/www.goodmanray.com\\\/about-us\\\/#breadcrumb\",\"itemListElement\":[{\"@type\":\"ListItem\",\"position\":1,\"name\":\"Home\",\"item\":\"https:\\\/\\\/www.goodmanray.com\\\/\"},{\"@type\":\"ListItem\",\"position\":2,\"name\":\"About Us\"}]},{\"@type\":\"WebSite\",\"@id\":\"https:\\\/\\\/www.goodmanray.com\\\/#website\",\"url\":\"https:\\\/\\\/www.goodmanray.com\\\/\",\"name\":\"Goodman Ray Solicitors\",\"description\":\"The family lawyers with a leading reputation for excellence.\",\"publisher\":{\"@id\":\"https:\\\/\\\/www.goodmanray.com\\\/#organization\"},\"potentialAction\":[{\"@type\":\"SearchAction\",\"target\":{\"@type\":\"EntryPoint\",\"urlTemplate\":\"https:\\\/\\\/www.goodmanray.com\\\/?s={search_term_string}\"},\"query-input\":{\"@type\":\"PropertyValueSpecification\",\"valueRequired\":true,\"valueName\":\"search_term_string\"}}],\"inLanguage\":\"es\"},{\"@type\":\"Organization\",\"@id\":\"https:\\\/\\\/www.goodmanray.com\\\/#organization\",\"name\":\"Goodman Ray Solicitors\",\"url\":\"https:\\\/\\\/www.goodmanray.com\\\/\",\"logo\":{\"@type\":\"ImageObject\",\"inLanguage\":\"es\",\"@id\":\"https:\\\/\\\/www.goodmanray.com\\\/#\\\/schema\\\/logo\\\/image\\\/\",\"url\":\"https:\\\/\\\/www.goodmanray.com\\\/wp-content\\\/uploads\\\/2023\\\/11\\\/GoodmanRayLogo350x70-0.svg\",\"contentUrl\":\"https:\\\/\\\/www.goodmanray.com\\\/wp-content\\\/uploads\\\/2023\\\/11\\\/GoodmanRayLogo350x70-0.svg\",\"caption\":\"Goodman Ray Solicitors\"},\"image\":{\"@id\":\"https:\\\/\\\/www.goodmanray.com\\\/#\\\/schema\\\/logo\\\/image\\\/\"},\"sameAs\":[\"https:\\\/\\\/www.facebook.com\\\/Goodman-Ray-Solicitors-584756541693793\\\/\",\"https:\\\/\\\/x.com\\\/GoodmanRay1\",\"https:\\\/\\\/uk.linkedin.com\\\/company\\\/goodman-ray\",\"https:\\\/\\\/www.instagram.com\\\/goodmanraysolicitors\\\/\"]}]}<\/script>\n<!-- \/ Yoast SEO plugin. -->","yoast_head_json":{"title":"About Us - Goodman Ray Solicitors","description":"The Family Lawyers with a leading reputation for excellence About Goodman Ray Goodman Ray is one of the leading family law firms in the UK; with a","robots":{"index":"index","follow":"follow","max-snippet":"max-snippet:-1","max-image-preview":"max-image-preview:large","max-video-preview":"max-video-preview:-1"},"canonical":"https:\/\/www.goodmanray.com\/es\/about-us\/","og_locale":"es_ES","og_type":"article","og_title":"About Us - Goodman Ray Solicitors","og_description":"The Family Lawyers with a leading reputation for excellence About Goodman Ray Goodman Ray is one of the leading family law firms in the UK; with a","og_url":"https:\/\/www.goodmanray.com\/es\/about-us\/","og_site_name":"Goodman Ray Solicitors","article_publisher":"https:\/\/www.facebook.com\/Goodman-Ray-Solicitors-584756541693793\/","article_modified_time":"2024-05-22T15:07:31+00:00","og_image":[{"width":1200,"height":675,"url":"https:\/\/www.goodmanray.com\/wp-content\/uploads\/2024\/04\/page-about-jpg-webp.webp","type":"image\/jpeg"}],"twitter_card":"summary_large_image","twitter_site":"@GoodmanRay1","schema":{"@context":"https:\/\/schema.org","@graph":[{"@type":"WebPage","@id":"https:\/\/www.goodmanray.com\/about-us\/","url":"https:\/\/www.goodmanray.com\/about-us\/","name":"About Us - Goodman Ray Solicitors","isPartOf":{"@id":"https:\/\/www.goodmanray.com\/#website"},"primaryImageOfPage":{"@id":"https:\/\/www.goodmanray.com\/about-us\/#primaryimage"},"image":{"@id":"https:\/\/www.goodmanray.com\/about-us\/#primaryimage"},"thumbnailUrl":"https:\/\/www.goodmanray.com\/wp-content\/uploads\/2024\/04\/page-about-jpg-webp.webp","datePublished":"2023-08-10T09:21:56+00:00","dateModified":"2024-05-22T15:07:31+00:00","description":"The Family Lawyers with a leading reputation for excellence About Goodman Ray Goodman Ray is one of the leading family law firms in the UK; with a","breadcrumb":{"@id":"https:\/\/www.goodmanray.com\/about-us\/#breadcrumb"},"inLanguage":"es","potentialAction":[{"@type":"ReadAction","target":["https:\/\/www.goodmanray.com\/about-us\/"]}]},{"@type":"ImageObject","inLanguage":"es","@id":"https:\/\/www.goodmanray.com\/about-us\/#primaryimage","url":"https:\/\/www.goodmanray.com\/wp-content\/uploads\/2024\/04\/page-about-jpg-webp.webp","contentUrl":"https:\/\/www.goodmanray.com\/wp-content\/uploads\/2024\/04\/page-about-jpg-webp.webp","width":1200,"height":675,"caption":"Page About"},{"@type":"BreadcrumbList","@id":"https:\/\/www.goodmanray.com\/about-us\/#breadcrumb","itemListElement":[{"@type":"ListItem","position":1,"name":"Home","item":"https:\/\/www.goodmanray.com\/"},{"@type":"ListItem","position":2,"name":"About Us"}]},{"@type":"WebSite","@id":"https:\/\/www.goodmanray.com\/#website","url":"https:\/\/www.goodmanray.com\/","name":"Goodman Ray Abogados","description":"Los abogados de familia con mayor reputaci\u00f3n por su excelencia.","publisher":{"@id":"https:\/\/www.goodmanray.com\/#organization"},"potentialAction":[{"@type":"SearchAction","target":{"@type":"EntryPoint","urlTemplate":"https:\/\/www.goodmanray.com\/?s={search_term_string}"},"query-input":{"@type":"PropertyValueSpecification","valueRequired":true,"valueName":"search_term_string"}}],"inLanguage":"es"},{"@type":"Organization","@id":"https:\/\/www.goodmanray.com\/#organization","name":"Goodman Ray Abogados","url":"https:\/\/www.goodmanray.com\/","logo":{"@type":"ImageObject","inLanguage":"es","@id":"https:\/\/www.goodmanray.com\/#\/schema\/logo\/image\/","url":"https:\/\/www.goodmanray.com\/wp-content\/uploads\/2023\/11\/GoodmanRayLogo350x70-0.svg","contentUrl":"https:\/\/www.goodmanray.com\/wp-content\/uploads\/2023\/11\/GoodmanRayLogo350x70-0.svg","caption":"Goodman Ray Solicitors"},"image":{"@id":"https:\/\/www.goodmanray.com\/#\/schema\/logo\/image\/"},"sameAs":["https:\/\/www.facebook.com\/Goodman-Ray-Solicitors-584756541693793\/","https:\/\/x.com\/GoodmanRay1","https:\/\/uk.linkedin.com\/company\/goodman-ray","https:\/\/www.instagram.com\/goodmanraysolicitors\/"]}]}},"_links":{"self":[{"href":"https:\/\/www.goodmanray.com\/es\/wp-json\/wp\/v2\/pages\/9","targetHints":{"allow":["GET"]}}],"collection":[{"href":"https:\/\/www.goodmanray.com\/es\/wp-json\/wp\/v2\/pages"}],"about":[{"href":"https:\/\/www.goodmanray.com\/es\/wp-json\/wp\/v2\/types\/page"}],"author":[{"embeddable":true,"href":"https:\/\/www.goodmanray.com\/es\/wp-json\/wp\/v2\/users\/1"}],"replies":[{"embeddable":true,"href":"https:\/\/www.goodmanray.com\/es\/wp-json\/wp\/v2\/comments?post=9"}],"version-history":[{"count":1,"href":"https:\/\/www.goodmanray.com\/es\/wp-json\/wp\/v2\/pages\/9\/revisions"}],"predecessor-version":[{"id":19617,"href":"https:\/\/www.goodmanray.com\/es\/wp-json\/wp\/v2\/pages\/9\/revisions\/19617"}],"wp:featuredmedia":[{"embeddable":true,"href":"https:\/\/www.goodmanray.com\/es\/wp-json\/wp\/v2\/media\/19103"}],"wp:attachment":[{"href":"https:\/\/www.goodmanray.com\/es\/wp-json\/wp\/v2\/media?parent=9"}],"curies":[{"name":"wp","href":"https:\/\/api.w.org\/{rel}","templated":true}]}}