{"id":3,"date":"2023-08-09T14:50:06","date_gmt":"2023-08-09T14:50:06","guid":{"rendered":"https:\/\/dev.goodmanray.com\/?page_id=3"},"modified":"2024-05-28T16:36:28","modified_gmt":"2024-05-28T15:36:28","slug":"privacy-policy","status":"publish","type":"page","link":"https:\/\/www.goodmanray.com\/es\/privacy-policy\/","title":{"rendered":"Pol\u00edtica de privacidad"},"content":{"rendered":"<p>Goodman Ray Solicitors LLP (GR) (\u2018nosotros\u2019, \u2018nos\u2019) respeta la privacidad y los derechos legales de las personas y organizaciones con las que tratamos.<\/p>\n\n\n\n<p>El presente Aviso de Privacidad (\u2018el Aviso\u2019) proporciona informaci\u00f3n sobre c\u00f3mo recopilamos, almacenamos y utilizamos los datos de nuestros clientes y de las personas y organizaciones con las que tratamos cuando prestamos servicios y administramos nuestra empresa.<\/p>\n\n\n\n<p>A los efectos de la Ley de Protecci\u00f3n de Datos de 2018 (\u2018DPA 2018\u2019) y el Reglamento General de Protecci\u00f3n de Datos (\u2018GDPR\u2019), el Controlador de Datos con respecto a cualquier dato controlado por la firma es Goodman Ray Solicitors LLP registrado con el n\u00famero de empresa OC382130. Nuestro domicilio social es Francis Barber House, 9 Gough Square, Londres, EC4A 3DG. Estamos autorizados y regulados por la Solicitors Regulation Authority (SRA) y nuestro n\u00famero SRA es 592367. Nuestro n\u00famero de registro en el Comisionado de Informaci\u00f3n es Z5059567.<\/p>\n\n\n\n<p>Esta pol\u00edtica puede cambiar ocasionalmente, y la \u00faltima versi\u00f3n puede encontrarse en nuestro sitio web.<\/p>\n\n\n\n<h2 class=\"wp-block-heading\">Sus datos personales<\/h2>\n\n\n\n<p>\u2018Por \u2019datos personales\" se entiende cualquier informaci\u00f3n relativa a una persona identificable que pueda ser identificada directa o indirectamente por los datos que obran en nuestro poder. La DPA y el GDPR regulan el uso que hacemos de sus datos personales. Podemos obtener datos personales de usted sobre una base contractual cuando proporciona informaci\u00f3n a trav\u00e9s de nuestro sitio web, cuando se pone en contacto con nosotros por tel\u00e9fono, visita nuestras oficinas o cuando mantiene correspondencia con nosotros; o podemos obtener datos personales de otros profesionales del derecho u otras partes en el curso de nuestro negocio.<\/p>\n\n\n\n<p>Solicitamos datos personales para asegurarnos de que podemos prestarle nuestros servicios y cumplir nuestras obligaciones, as\u00ed como nuestros requisitos normativos. Es importante que los datos personales que tenemos sobre usted sean exactos y est\u00e9n actualizados. Por favor, mant\u00e9nganos informados si los datos personales que tenemos sobre usted cambian.<\/p>\n\n\n\n<p>No recopilaremos datos personales suyos que no necesitemos m\u00e1s que para prestarle nuestros servicios. Los datos personales que tratamos incluyen:<\/p>\n\n\n\n<ul class=\"wp-block-list\">\n<li>Datos b\u00e1sicos, como su nombre (incluido el prefijo o t\u00edtulo), la empresa para la que trabaja, su cargo o puesto y su relaci\u00f3n con una persona;<\/li>\n\n\n\n<li>Datos de contacto, como su direcci\u00f3n postal, direcci\u00f3n de correo electr\u00f3nico y n\u00famero de tel\u00e9fono;<\/li>\n\n\n\n<li>Datos financieros, como informaci\u00f3n relacionada con los pagos;<\/li>\n\n\n\n<li>Datos de identificaci\u00f3n y antecedentes proporcionados por usted o recopilados como parte de nuestros procesos de aceptaci\u00f3n comercial, empleo o contrataci\u00f3n;<\/li>\n\n\n\n<li>Datos t\u00e9cnicos, como los datos de sus visitas a nuestro sitio web o en relaci\u00f3n con los materiales y comunicaciones que le enviamos electr\u00f3nicamente;<\/li>\n\n\n\n<li>Los datos que nos facilite para asistir a reuniones y actos, incluidos los requisitos de acceso y dieta;<\/li>\n<\/ul>\n\n\n\n<h3 class=\"wp-block-heading\">Fuentes de informaci\u00f3n<\/h3>\n\n\n\n<p>Podemos obtener informaci\u00f3n sobre usted de diversas fuentes. Esto puede incluir que nos la proporcionen (no exclusivamente):<\/p>\n\n\n\n<ul class=\"wp-block-list\">\n<li>por usted (o por un representante designado);<\/li>\n\n\n\n<li>por terceros para permitirnos realizar trabajos jur\u00eddicos en su nombre, como por ejemplo:\n<ul class=\"wp-block-list\">\n<li>Bancos \/ sociedades de cr\u00e9dito hipotecario;<\/li>\n\n\n\n<li>Expertos y asesores financieros independientes;<\/li>\n\n\n\n<li>Abogados de la parte contraria;<\/li>\n\n\n\n<li>Instituciones m\u00e9dicas o financieras;<\/li>\n<\/ul>\n<\/li>\n\n\n\n<li>supervisando nuestras herramientas y servicios tecnol\u00f3gicos, como nuestros sitios web y comunicaciones por correo electr\u00f3nico;<\/li>\n\n\n\n<li>utilizando fuentes de acceso p\u00fablico.<\/li>\n<\/ul>\n\n\n\n<h3 class=\"wp-block-heading\">Con qui\u00e9n pueden compartirse sus datos personales<\/h3>\n\n\n\n<p>El acceso a sus datos personales podr\u00e1 concederse a empleados, contratistas o agentes de GR con el \u00fanico fin de cumplir sus obligaciones o responsabilidades contractuales para con usted y no de forma incompatible con el fin para el que obtuvimos los datos. Para prestar servicios jur\u00eddicos a nuestros clientes, puede ser necesario que compartamos sus datos personales con otras personas, proveedores de servicios y organizaciones.  Adem\u00e1s, podemos compartir sus datos para proteger sus derechos o los nuestros, o porque as\u00ed nos lo exija la ley o la SRA. Esto puede implicar la transferencia a un pa\u00eds fuera del Espacio Econ\u00f3mico Europeo (EEE) cuando una parte, o un activo, objeto de un procedimiento se encuentre fuera del EEE, as\u00ed como a la Oficina del Comisario de Informaci\u00f3n (ICO), la Agencia de Asistencia Jur\u00eddica y las organizaciones que participan en la preparaci\u00f3n, evaluaci\u00f3n y certificaci\u00f3n de las normas de calidad para las que nuestra empresa solicita o mantiene la acreditaci\u00f3n.<\/p>\n\n\n\n<p>Podemos revelar sus datos personales a la polic\u00eda, organismos reguladores, asesores jur\u00eddicos o terceros similares cuando tengamos la obligaci\u00f3n legal de revelar o compartir sus datos personales para cumplir cualquier obligaci\u00f3n legal, o para hacer cumplir o aplicar nuestros acuerdos; o para proteger nuestros derechos, propiedad o seguridad de nuestros clientes, o de otros. Esto incluye el intercambio de informaci\u00f3n con otras empresas y organizaciones con fines de protecci\u00f3n contra el fraude y reducci\u00f3n del riesgo de cr\u00e9dito.<br>Almacenamiento de datos<\/p>\n\n\n\n<p>Los datos pueden almacenarse tanto en archivos electr\u00f3nicos como f\u00edsicos. Dependiendo de para qu\u00e9 se almacene la informaci\u00f3n, puede conservarse durante distintos periodos de tiempo.<\/p>\n\n\n\n<p>Los datos podr\u00e1n almacenarse durante el tiempo que sea necesario para prestarle nuestros servicios y evitar posibles conflictos de intereses en el futuro. Por lo general, se conservan durante un m\u00ednimo de siete a\u00f1os a partir de la conclusi\u00f3n de su trabajo jur\u00eddico, o seis a\u00f1os despu\u00e9s de que el cliente haya cumplido los 18 a\u00f1os de edad, en caso de que necesitemos reabrir su asunto por cualquier motivo. En algunos asuntos, determinados documentos e informaci\u00f3n pueden conservarse durante bastante m\u00e1s tiempo (m\u00e1s de 16 a\u00f1os), por ejemplo, en el caso de algunas \u00f3rdenes financieras y acuerdos de manutenci\u00f3n.<\/p>\n\n\n\n<p>Los datos podr\u00e1n conservarse durante un periodo m\u00ednimo de un a\u00f1o en el caso de las personas que soliciten informaci\u00f3n a GR pero no le den instrucciones.<\/p>\n\n\n\n<p>Una vez que ya no tengamos que almacenar su informaci\u00f3n de acuerdo con lo anterior, ser\u00e1 destruida.<\/p>\n\n\n\n<h3 class=\"wp-block-heading\">Seguridad de sus datos personales<\/h3>\n\n\n\n<p>Sus datos se guardar\u00e1n en servidores seguros en la nube dentro del Reino Unido.<\/p>\n\n\n\n<p>La informaci\u00f3n que nos proporciona se comparte en nuestros servidores seguros. Hemos adoptado las medidas f\u00edsicas, t\u00e9cnicas y organizativas adecuadas para proteger sus datos contra p\u00e9rdidas accidentales y contra el acceso, uso, alteraci\u00f3n o divulgaci\u00f3n no autorizados. Para ello, utilizamos una serie de soluciones de seguridad inform\u00e1tica, como copias de seguridad externas, encriptaci\u00f3n de datos, protecci\u00f3n de inicio de sesi\u00f3n y software contra malware o phishing. Adem\u00e1s, limitamos el acceso a los datos personales a aquellos empleados, agentes, contratistas y otros terceros que tengan una necesidad comercial leg\u00edtima para dicho acceso.<\/p>\n\n\n\n<p>Lamentablemente, la transmisi\u00f3n de informaci\u00f3n a trav\u00e9s de Internet no es completamente segura. Aunque haremos todo lo posible por proteger sus datos personales, no podemos garantizar la seguridad de la informaci\u00f3n que transmita a nuestro Sitio; cualquier transmisi\u00f3n corre por su cuenta y riesgo.<\/p>\n\n\n\n<h3 class=\"wp-block-heading\">Marketing<\/h3>\n\n\n\n<p>Podemos ponernos en contacto con usted con fines de marketing y para informarle de las \u00faltimas novedades.<\/p>\n\n\n\n<p>Esto significa que podemos utilizar sus datos personales para enviarle actualizaciones sobre novedades jur\u00eddicas que puedan ser de inter\u00e9s y pertinentes para su caso, o para invitarle a eventos que organicemos.<\/p>\n\n\n\n<p>Los canales de marketing directo que utilizamos incluyen las redes sociales, el correo electr\u00f3nico y el correo postal. Nunca le enviaremos comunicaciones de marketing por SMS ni le llamaremos sin su consentimiento expreso; tampoco transmitiremos ni venderemos nunca sus datos a terceros con fines de marketing.<\/p>\n\n\n\n<p>Podemos recopilar su informaci\u00f3n personal con fines de marketing de varias maneras, entre ellas:<\/p>\n\n\n\n<ol class=\"wp-block-list\">\n<li>Al final del asunto, le preguntaremos si desea recibir este tipo de comunicaciones y actualizaciones.<\/li>\n\n\n\n<li>Suscr\u00edbase para recibir nuestro bolet\u00edn<\/li>\n\n\n\n<li>Enviar una consulta a trav\u00e9s de nuestro sitio web<\/li>\n\n\n\n<li>Siga nuestros canales en las redes sociales<\/li>\n\n\n\n<li>Respuestas a las encuestas.<\/li>\n<\/ol>\n\n\n\n<p>Cuando recopilemos datos, tendr\u00e1 la oportunidad de aceptar que le enviemos informaci\u00f3n comercial. Tambi\u00e9n tiene derecho a darse de baja en cualquier momento simplemente utilizando el enlace para darse de baja que aparece en los correos electr\u00f3nicos, poni\u00e9ndose en contacto con nuestra Oficina de Protecci\u00f3n de Datos o comunic\u00e1ndoselo a la persona de nuestra empresa con la que est\u00e9 tratando en ese momento.<\/p>\n\n\n\n<p>Esperamos que nos facilite esta informaci\u00f3n y que nuestras comunicaciones le resulten \u00fatiles, pero si decide no hacerlo, ello no afectar\u00e1 al acceso a nuestros servicios jur\u00eddicos.<\/p>\n\n\n\n<p>Tenga en cuenta que, una vez cancelada su suscripci\u00f3n, podr\u00e1 seguir recibiendo correos electr\u00f3nicos transaccionales de nuestra parte en relaci\u00f3n con su caso jur\u00eddico.<\/p>\n\n\n\n<h3 class=\"wp-block-heading\">Si no es nuestro cliente o cliente potencial<\/h3>\n\n\n\n<p>Si usted no es nuestro cliente, sus datos personales podr\u00e1n ser tratados para permitirnos prestar asesoramiento jur\u00eddico a nuestro cliente y tambi\u00e9n podr\u00e1n ser utilizados en procedimientos judiciales en nombre de nuestro cliente. Estamos autorizados a utilizar sus datos personales porque ello redunda en inter\u00e9s leg\u00edtimo de nuestro cliente (por ejemplo, en virtud de las condiciones de un contrato de pr\u00e9stamo). Tambi\u00e9n es posible que tengamos que utilizar sus datos personales para cumplir con nuestras propias obligaciones legales y reglamentarias.<\/p>\n\n\n\n<h3 class=\"wp-block-heading\">C\u00f3mo podemos utilizar sus datos<\/h3>\n\n\n\n<p>En virtud de la normativa GDPR 2018, tenemos derecho a utilizar sus datos personales para intereses comerciales leg\u00edtimos. Esto podr\u00eda incluir:<\/p>\n\n\n\n<ul class=\"wp-block-list\">\n<li>Gestionar nuestra relaci\u00f3n con usted y nuestros clientes<\/li>\n\n\n\n<li>Prevenci\u00f3n del blanqueo de capitales y del fraude<\/li>\n\n\n\n<li>Marketing directo y actualizaciones<\/li>\n\n\n\n<li>Gesti\u00f3n de redes en seguridad inform\u00e1tica<\/li>\n\n\n\n<li>An\u00e1lisis de datos y mejora de nuestros servicios<\/li>\n\n\n\n<li>Entender las tendencias de nuestro sector<\/li>\n\n\n\n<li>Cumplir las obligaciones legales, reglamentarias y de gesti\u00f3n de riesgos<\/li>\n<\/ul>\n\n\n\n<p>Tiene derecho a oponerse a este tratamiento. Si desea hacerlo, p\u00f3ngase en contacto con nuestro responsable de protecci\u00f3n de datos a trav\u00e9s del n\u00famero de nuestra oficina principal y por correo electr\u00f3nico.<\/p>\n\n\n\n<h3 class=\"wp-block-heading\">Sus derechos con respecto a los datos personales que tratamos<\/h3>\n\n\n\n<p>El RGPD establece los siguientes derechos en relaci\u00f3n con sus datos personales:<\/p>\n\n\n\n<ul class=\"wp-block-list\">\n<li>Derecho a ser informado<\/li>\n\n\n\n<li>Derecho de acceso<\/li>\n\n\n\n<li>Derecho de rectificaci\u00f3n<\/li>\n\n\n\n<li>Derecho de supresi\u00f3n<\/li>\n\n\n\n<li>Derecho a limitar el tratamiento<\/li>\n\n\n\n<li>Derecho a la portabilidad de los datos<\/li>\n\n\n\n<li>Derecho de oposici\u00f3n<\/li>\n\n\n\n<li>Derechos en relaci\u00f3n con la toma de decisiones automatizada y la elaboraci\u00f3n de perfiles (GR no utiliza, sin embargo, la toma de decisiones automatizada).<\/li>\n<\/ul>\n\n\n\n<p>El GDPR (Reglamento General de Protecci\u00f3n de Datos) de 2018 le da derecho a solicitar una copia de sus datos personales. Esto se conoce como una \u201cSolicitud de Acceso del Sujeto\u201d. Si desea hacer una solicitud de este tipo, por favor h\u00e1galo por escrito a nuestro Gerente de Pr\u00e1ctica, o hable directamente con la persona en nuestra empresa que se ocupa de su asunto.<\/p>\n\n\n\n<p>Una solicitud de acceso a sus datos personales significa que tiene derecho a una copia de los datos personales que tenemos sobre usted, como su nombre, direcci\u00f3n, datos de contacto, fecha de nacimiento, informaci\u00f3n sobre su salud, etc. Esto significa que una solicitud de acceso no suele dar lugar a la entrega de una copia de su expediente, porque usted s\u00f3lo tiene derecho a sus datos personales, no a los documentos que los contienen.<\/p>\n\n\n\n<p>Tiene derecho a solicitar que los datos personales que tenemos sobre usted se supriman o se transfieran a un tercero, y tenemos la obligaci\u00f3n de acusar recibo de estas solicitudes. Deber\u00e1 presentarlas por escrito a nuestro Director de Pr\u00e1cticas. No obstante, tenga en cuenta que nuestra respuesta estar\u00e1 sujeta a nuestras dem\u00e1s obligaciones legales y reglamentarias. Podemos solicitarle informaci\u00f3n espec\u00edfica que nos ayude a confirmar su identidad. La legislaci\u00f3n en materia de protecci\u00f3n de datos puede permitirnos o exigirnos que nos neguemos a facilitarle el acceso a algunos o todos los datos personales que conservamos sobre usted o a atender cualquier solicitud realizada de conformidad con sus derechos antes mencionados. Si no podemos proporcionarle acceso a sus datos personales, o tramitar cualquier otra solicitud que recibamos, le informaremos de los motivos, sin perjuicio de las restricciones legales o reglamentarias.<\/p>\n\n\n\n<p>Si desea ejercer alguno de estos derechos, p\u00f3ngase en contacto con El responsable de la protecci\u00f3n de datos en la direcci\u00f3n registrada m\u00e1s arriba o por correo electr\u00f3nico mail@goodmanray.com. El ejercicio de su derecho de acceso es gratuito, pero podemos cobrarle si solicita copias adicionales.<\/p>\n\n\n\n<h2 class=\"wp-block-heading\">Quejas<\/h2>\n\n\n\n<p>Si tiene alguna pregunta sobre este Aviso o desea presentar una queja sobre el tratamiento que hemos dado a sus datos, p\u00f3ngase en contacto con nosotros en la direcci\u00f3n arriba indicada para que podamos investigar su queja. Investigaremos cualquier queja o posible queja de acuerdo con nuestra pol\u00edtica de quejas. Tambi\u00e9n tiene derecho a ponerse en contacto con la OIC a trav\u00e9s de www.ico.org.uk\/concerns\/ o en su l\u00ednea de ayuda 0303 123 1113 si no est\u00e1 satisfecho con nuestra respuesta o con la forma en que tratamos sus datos personales.<\/p>","protected":false},"excerpt":{"rendered":"<p>Goodman Ray Solicitors LLP (GR) ( \u2018we\u2019, \u2018us\u2019) respects the privacy and legal rights of&#8230;<\/p>","protected":false},"author":1,"featured_media":19378,"parent":0,"menu_order":999,"comment_status":"closed","ping_status":"closed","template":"","meta":{"_acf_changed":false,"footnotes":""},"class_list":["post-3","page","type-page","status-publish","has-post-thumbnail","hentry"],"acf":[],"yoast_head":"<!-- This site is optimized with the Yoast SEO plugin v27.5 - https:\/\/yoast.com\/product\/yoast-seo-wordpress\/ -->\n<title>Privacy Policy - Goodman Ray Solicitors<\/title>\n<meta name=\"description\" content=\"Goodman Ray Solicitors LLP (GR) ( \u2018we\u2019, \u2018us\u2019) respects the privacy and legal rights of the individuals and organisations we deal with. This Privacy Notice\" \/>\n<meta name=\"robots\" content=\"index, follow, max-snippet:-1, max-image-preview:large, max-video-preview:-1\" \/>\n<link rel=\"canonical\" href=\"https:\/\/www.goodmanray.com\/es\/privacy-policy\/\" \/>\n<meta property=\"og:locale\" content=\"es_ES\" \/>\n<meta property=\"og:type\" content=\"article\" \/>\n<meta property=\"og:title\" content=\"Privacy Policy - Goodman Ray Solicitors\" \/>\n<meta property=\"og:description\" content=\"Goodman Ray Solicitors LLP (GR) ( \u2018we\u2019, \u2018us\u2019) respects the privacy and legal rights of the individuals and organisations we deal with. This Privacy Notice\" \/>\n<meta property=\"og:url\" content=\"https:\/\/www.goodmanray.com\/es\/privacy-policy\/\" \/>\n<meta property=\"og:site_name\" content=\"Goodman Ray Solicitors\" \/>\n<meta property=\"article:publisher\" content=\"https:\/\/www.facebook.com\/Goodman-Ray-Solicitors-584756541693793\/\" \/>\n<meta property=\"article:modified_time\" content=\"2024-05-28T15:36:28+00:00\" \/>\n<meta property=\"og:image\" content=\"https:\/\/www.goodmanray.com\/wp-content\/uploads\/2024\/05\/Privacy-Policy-feature-image-jpg-webp.webp\" \/>\n\t<meta property=\"og:image:width\" content=\"1200\" \/>\n\t<meta property=\"og:image:height\" content=\"800\" \/>\n\t<meta property=\"og:image:type\" content=\"image\/jpeg\" \/>\n<meta name=\"twitter:card\" content=\"summary_large_image\" \/>\n<meta name=\"twitter:site\" content=\"@GoodmanRay1\" \/>\n<script type=\"application\/ld+json\" class=\"yoast-schema-graph\">{\"@context\":\"https:\\\/\\\/schema.org\",\"@graph\":[{\"@type\":\"WebPage\",\"@id\":\"https:\\\/\\\/www.goodmanray.com\\\/privacy-policy\\\/\",\"url\":\"https:\\\/\\\/www.goodmanray.com\\\/privacy-policy\\\/\",\"name\":\"Privacy Policy - Goodman Ray Solicitors\",\"isPartOf\":{\"@id\":\"https:\\\/\\\/www.goodmanray.com\\\/#website\"},\"primaryImageOfPage\":{\"@id\":\"https:\\\/\\\/www.goodmanray.com\\\/privacy-policy\\\/#primaryimage\"},\"image\":{\"@id\":\"https:\\\/\\\/www.goodmanray.com\\\/privacy-policy\\\/#primaryimage\"},\"thumbnailUrl\":\"https:\\\/\\\/www.goodmanray.com\\\/wp-content\\\/uploads\\\/2024\\\/05\\\/Privacy-Policy-feature-image-jpg-webp.webp\",\"datePublished\":\"2023-08-09T14:50:06+00:00\",\"dateModified\":\"2024-05-28T15:36:28+00:00\",\"description\":\"Goodman Ray Solicitors LLP (GR) ( \u2018we\u2019, \u2018us\u2019) respects the privacy and legal rights of the individuals and organisations we deal with. This Privacy Notice\",\"breadcrumb\":{\"@id\":\"https:\\\/\\\/www.goodmanray.com\\\/privacy-policy\\\/#breadcrumb\"},\"inLanguage\":\"es\",\"potentialAction\":[{\"@type\":\"ReadAction\",\"target\":[\"https:\\\/\\\/www.goodmanray.com\\\/privacy-policy\\\/\"]}]},{\"@type\":\"ImageObject\",\"inLanguage\":\"es\",\"@id\":\"https:\\\/\\\/www.goodmanray.com\\\/privacy-policy\\\/#primaryimage\",\"url\":\"https:\\\/\\\/www.goodmanray.com\\\/wp-content\\\/uploads\\\/2024\\\/05\\\/Privacy-Policy-feature-image-jpg-webp.webp\",\"contentUrl\":\"https:\\\/\\\/www.goodmanray.com\\\/wp-content\\\/uploads\\\/2024\\\/05\\\/Privacy-Policy-feature-image-jpg-webp.webp\",\"width\":1200,\"height\":800,\"caption\":\"Privacy Policy Feature Image\"},{\"@type\":\"BreadcrumbList\",\"@id\":\"https:\\\/\\\/www.goodmanray.com\\\/privacy-policy\\\/#breadcrumb\",\"itemListElement\":[{\"@type\":\"ListItem\",\"position\":1,\"name\":\"Home\",\"item\":\"https:\\\/\\\/www.goodmanray.com\\\/\"},{\"@type\":\"ListItem\",\"position\":2,\"name\":\"Privacy Policy\"}]},{\"@type\":\"WebSite\",\"@id\":\"https:\\\/\\\/www.goodmanray.com\\\/#website\",\"url\":\"https:\\\/\\\/www.goodmanray.com\\\/\",\"name\":\"Goodman Ray Solicitors\",\"description\":\"The family lawyers with a leading reputation for excellence.\",\"publisher\":{\"@id\":\"https:\\\/\\\/www.goodmanray.com\\\/#organization\"},\"potentialAction\":[{\"@type\":\"SearchAction\",\"target\":{\"@type\":\"EntryPoint\",\"urlTemplate\":\"https:\\\/\\\/www.goodmanray.com\\\/?s={search_term_string}\"},\"query-input\":{\"@type\":\"PropertyValueSpecification\",\"valueRequired\":true,\"valueName\":\"search_term_string\"}}],\"inLanguage\":\"es\"},{\"@type\":\"Organization\",\"@id\":\"https:\\\/\\\/www.goodmanray.com\\\/#organization\",\"name\":\"Goodman Ray Solicitors\",\"url\":\"https:\\\/\\\/www.goodmanray.com\\\/\",\"logo\":{\"@type\":\"ImageObject\",\"inLanguage\":\"es\",\"@id\":\"https:\\\/\\\/www.goodmanray.com\\\/#\\\/schema\\\/logo\\\/image\\\/\",\"url\":\"https:\\\/\\\/www.goodmanray.com\\\/wp-content\\\/uploads\\\/2023\\\/11\\\/GoodmanRayLogo350x70-0.svg\",\"contentUrl\":\"https:\\\/\\\/www.goodmanray.com\\\/wp-content\\\/uploads\\\/2023\\\/11\\\/GoodmanRayLogo350x70-0.svg\",\"caption\":\"Goodman Ray Solicitors\"},\"image\":{\"@id\":\"https:\\\/\\\/www.goodmanray.com\\\/#\\\/schema\\\/logo\\\/image\\\/\"},\"sameAs\":[\"https:\\\/\\\/www.facebook.com\\\/Goodman-Ray-Solicitors-584756541693793\\\/\",\"https:\\\/\\\/x.com\\\/GoodmanRay1\",\"https:\\\/\\\/uk.linkedin.com\\\/company\\\/goodman-ray\",\"https:\\\/\\\/www.instagram.com\\\/goodmanraysolicitors\\\/\"]}]}<\/script>\n<!-- \/ Yoast SEO plugin. -->","yoast_head_json":{"title":"Privacy Policy - Goodman Ray Solicitors","description":"Goodman Ray Solicitors LLP (GR) ( \u2018we\u2019, \u2018us\u2019) respects the privacy and legal rights of the individuals and organisations we deal with. This Privacy Notice","robots":{"index":"index","follow":"follow","max-snippet":"max-snippet:-1","max-image-preview":"max-image-preview:large","max-video-preview":"max-video-preview:-1"},"canonical":"https:\/\/www.goodmanray.com\/es\/privacy-policy\/","og_locale":"es_ES","og_type":"article","og_title":"Privacy Policy - Goodman Ray Solicitors","og_description":"Goodman Ray Solicitors LLP (GR) ( \u2018we\u2019, \u2018us\u2019) respects the privacy and legal rights of the individuals and organisations we deal with. This Privacy Notice","og_url":"https:\/\/www.goodmanray.com\/es\/privacy-policy\/","og_site_name":"Goodman Ray Solicitors","article_publisher":"https:\/\/www.facebook.com\/Goodman-Ray-Solicitors-584756541693793\/","article_modified_time":"2024-05-28T15:36:28+00:00","og_image":[{"width":1200,"height":800,"url":"https:\/\/www.goodmanray.com\/wp-content\/uploads\/2024\/05\/Privacy-Policy-feature-image-jpg-webp.webp","type":"image\/jpeg"}],"twitter_card":"summary_large_image","twitter_site":"@GoodmanRay1","schema":{"@context":"https:\/\/schema.org","@graph":[{"@type":"WebPage","@id":"https:\/\/www.goodmanray.com\/privacy-policy\/","url":"https:\/\/www.goodmanray.com\/privacy-policy\/","name":"Privacy Policy - Goodman Ray Solicitors","isPartOf":{"@id":"https:\/\/www.goodmanray.com\/#website"},"primaryImageOfPage":{"@id":"https:\/\/www.goodmanray.com\/privacy-policy\/#primaryimage"},"image":{"@id":"https:\/\/www.goodmanray.com\/privacy-policy\/#primaryimage"},"thumbnailUrl":"https:\/\/www.goodmanray.com\/wp-content\/uploads\/2024\/05\/Privacy-Policy-feature-image-jpg-webp.webp","datePublished":"2023-08-09T14:50:06+00:00","dateModified":"2024-05-28T15:36:28+00:00","description":"Goodman Ray Solicitors LLP (GR) ( \u2018we\u2019, \u2018us\u2019) respects the privacy and legal rights of the individuals and organisations we deal with. This Privacy Notice","breadcrumb":{"@id":"https:\/\/www.goodmanray.com\/privacy-policy\/#breadcrumb"},"inLanguage":"es","potentialAction":[{"@type":"ReadAction","target":["https:\/\/www.goodmanray.com\/privacy-policy\/"]}]},{"@type":"ImageObject","inLanguage":"es","@id":"https:\/\/www.goodmanray.com\/privacy-policy\/#primaryimage","url":"https:\/\/www.goodmanray.com\/wp-content\/uploads\/2024\/05\/Privacy-Policy-feature-image-jpg-webp.webp","contentUrl":"https:\/\/www.goodmanray.com\/wp-content\/uploads\/2024\/05\/Privacy-Policy-feature-image-jpg-webp.webp","width":1200,"height":800,"caption":"Privacy Policy Feature Image"},{"@type":"BreadcrumbList","@id":"https:\/\/www.goodmanray.com\/privacy-policy\/#breadcrumb","itemListElement":[{"@type":"ListItem","position":1,"name":"Home","item":"https:\/\/www.goodmanray.com\/"},{"@type":"ListItem","position":2,"name":"Privacy Policy"}]},{"@type":"WebSite","@id":"https:\/\/www.goodmanray.com\/#website","url":"https:\/\/www.goodmanray.com\/","name":"Goodman Ray Abogados","description":"Los abogados de familia con mayor reputaci\u00f3n por su excelencia.","publisher":{"@id":"https:\/\/www.goodmanray.com\/#organization"},"potentialAction":[{"@type":"SearchAction","target":{"@type":"EntryPoint","urlTemplate":"https:\/\/www.goodmanray.com\/?s={search_term_string}"},"query-input":{"@type":"PropertyValueSpecification","valueRequired":true,"valueName":"search_term_string"}}],"inLanguage":"es"},{"@type":"Organization","@id":"https:\/\/www.goodmanray.com\/#organization","name":"Goodman Ray Abogados","url":"https:\/\/www.goodmanray.com\/","logo":{"@type":"ImageObject","inLanguage":"es","@id":"https:\/\/www.goodmanray.com\/#\/schema\/logo\/image\/","url":"https:\/\/www.goodmanray.com\/wp-content\/uploads\/2023\/11\/GoodmanRayLogo350x70-0.svg","contentUrl":"https:\/\/www.goodmanray.com\/wp-content\/uploads\/2023\/11\/GoodmanRayLogo350x70-0.svg","caption":"Goodman Ray Solicitors"},"image":{"@id":"https:\/\/www.goodmanray.com\/#\/schema\/logo\/image\/"},"sameAs":["https:\/\/www.facebook.com\/Goodman-Ray-Solicitors-584756541693793\/","https:\/\/x.com\/GoodmanRay1","https:\/\/uk.linkedin.com\/company\/goodman-ray","https:\/\/www.instagram.com\/goodmanraysolicitors\/"]}]}},"_links":{"self":[{"href":"https:\/\/www.goodmanray.com\/es\/wp-json\/wp\/v2\/pages\/3","targetHints":{"allow":["GET"]}}],"collection":[{"href":"https:\/\/www.goodmanray.com\/es\/wp-json\/wp\/v2\/pages"}],"about":[{"href":"https:\/\/www.goodmanray.com\/es\/wp-json\/wp\/v2\/types\/page"}],"author":[{"embeddable":true,"href":"https:\/\/www.goodmanray.com\/es\/wp-json\/wp\/v2\/users\/1"}],"replies":[{"embeddable":true,"href":"https:\/\/www.goodmanray.com\/es\/wp-json\/wp\/v2\/comments?post=3"}],"version-history":[{"count":0,"href":"https:\/\/www.goodmanray.com\/es\/wp-json\/wp\/v2\/pages\/3\/revisions"}],"wp:featuredmedia":[{"embeddable":true,"href":"https:\/\/www.goodmanray.com\/es\/wp-json\/wp\/v2\/media\/19378"}],"wp:attachment":[{"href":"https:\/\/www.goodmanray.com\/es\/wp-json\/wp\/v2\/media?parent=3"}],"curies":[{"name":"wp","href":"https:\/\/api.w.org\/{rel}","templated":true}]}}