{"id":19266,"date":"2024-05-13T16:17:59","date_gmt":"2024-05-13T15:17:59","guid":{"rendered":"https:\/\/dev.goodmanray.com\/?page_id=19266"},"modified":"2024-11-06T10:04:19","modified_gmt":"2024-11-06T10:04:19","slug":"our-history","status":"publish","type":"page","link":"https:\/\/www.goodmanray.com\/es\/our-history\/","title":{"rendered":"Nuestra historia"},"content":{"rendered":"<div class=\"wp-block-columns is-layout-flex wp-container-core-columns-is-layout-9d6595d7 wp-block-columns-is-layout-flex\">\n<div class=\"wp-block-column is-vertically-aligned-center is-layout-flow wp-block-column-is-layout-flow\" style=\"flex-basis:33.33%\">\n<figure class=\"wp-block-image aligncenter size-full mx-auto\"><img decoding=\"async\" src=\"https:\/\/www.goodmanray.com\/wp-content\/uploads\/2023\/11\/GoodmanRayLogo350x70-0.svg\" alt=\"GoodmanRayLogo\" class=\"wp-image-58\"\/><\/figure>\n<\/div>\n\n\n\n<div class=\"wp-block-column is-layout-flow wp-block-column-is-layout-flow\" style=\"flex-basis:66.66%\">\n<p class=\"has-xxl-font-size\"><strong>Goodman Ray<\/strong> fue creada en 1985 por <a href=\"https:\/\/www.goodmanray.com\/es\/our-people\/partners\/peggy-ray\/\" target=\"_blank\" rel=\"noreferrer noopener\">Peggy Ray<\/a> y Judith Goodman con el objetivo de poner los mejores servicios jur\u00eddicos al alcance de todos.<\/p>\n\n\n\n<p class=\"has-xxl-font-size\">Esto signific\u00f3 establecerse en una zona de Londres donde hab\u00eda pocos abogados, abrir una oficina con fachada de tienda y ampliar el horario. El bufete ofrec\u00eda asesoramiento en toda una serie de \u00e1mbitos, como familia, delincuencia, vivienda y lesiones personales.<\/p>\n<\/div>\n<\/div>\n\n\n\n<hr class=\"wp-block-separator has-text-color has-secondary-light-color has-alpha-channel-opacity has-secondary-light-background-color has-background is-style-default\"\/>\n\n\n\n<div class=\"wp-block-group is-layout-constrained wp-block-group-is-layout-constrained\">\n<p>Desde entonces, se hizo evidente que exist\u00eda una necesidad abrumadora de asesoramiento familiar especializado y Goodman Ray se ha convertido en un bufete especializado en derecho de familia que ofrece conocimientos jur\u00eddicos de alta calidad en relaci\u00f3n con la protecci\u00f3n de menores, adopci\u00f3n, maternidad subrogada y fertilidad, derecho privado de menores, divorcio, finanzas tras la separaci\u00f3n, derecho internacional y maltrato dom\u00e9stico.<\/p>\n\n\n\n<p>Tambi\u00e9n ofrecemos servicios de mediaci\u00f3n y derecho colaborativo. Estamos orgullosos de seguir prestando un importante servicio de asistencia jur\u00eddica gratuita, adem\u00e1s de servicios para clientes privados, y de haber desarrollado una s\u00f3lida reputaci\u00f3n de accesibilidad y excelente asesoramiento jur\u00eddico.<br><br>Como dos mujeres, no fue f\u00e1cil para Peggy y Judith establecer su propia consulta a principios de los a\u00f1os ochenta.<br><br>Los bancos les negaron repetidamente la financiaci\u00f3n inicial y les preguntaron d\u00f3nde estaba \u201cel hombre\u201d del proyecto. Finalmente, Peggy y Judith encontraron a un director de banco dispuesto a concederles un peque\u00f1o pr\u00e9stamo para financiar los gastos generales iniciales y Goodman Ray se puso en marcha (con 3 clientes). <strong>en 1985 como el primer bufete de abogados exclusivamente femenino de Londres<\/strong>.<\/p>\n<\/div>\n\n\n\n<hr class=\"wp-block-separator has-text-color has-secondary-light-color has-alpha-channel-opacity has-secondary-light-background-color has-background is-style-default\"\/>\n\n\n\n<p class=\"has-xxl-font-size\"><strong>Hoy<\/strong>, Goodman Ray tiene <a href=\"\/es\/our-people\/\" target=\"_blank\" rel=\"noreferrer noopener\">48 empleados<\/a> y <a href=\"\/es\/contact-us\/\" target=\"_blank\" rel=\"noreferrer noopener\">oficinas en el centro de Londres y en Brighton<\/a>.<\/p>\n\n\n\n<p>Estamos orgullosos de celebrar nuestro 40 aniversario el a\u00f1o que viene y seguimos comprometidos con los objetivos originales de ofrecer un servicio de alta calidad al mayor n\u00famero posible de clientes, incluidos aquellos que no pueden permitirse pagar un abogado, en la medida de nuestras posibilidades (dentro del alcance cada vez menor del Programa de Asistencia Jur\u00eddica). <\/p>\n\n\n\n<p>El bufete siempre ha estado involucrado en \u00e1reas pol\u00edticas del derecho de familia y sigue participando en la promoci\u00f3n del cambio dentro del sistema de justicia de familia. Estamos constantemente recomendados por Legal 500 y Chambers.<\/p>\n\n\n\n<div class=\"wp-block-buttons is-content-justification-center is-layout-flex wp-container-core-buttons-is-layout-16018d1d wp-block-buttons-is-layout-flex\">\n<div class=\"wp-block-button\"><a class=\"wp-block-button__link wp-element-button\" href=\"\/es\/our-expertise\/\">Nuestra experiencia<\/a><\/div>\n\n\n\n<div class=\"wp-block-button\"><a class=\"wp-block-button__link wp-element-button\" href=\"\/es\/our-people\/\">Nuestro equipo<\/a><\/div>\n<\/div>","protected":false},"excerpt":{"rendered":"<p>Goodman Ray was established in 1985 by Peggy Ray and Judith Goodman with the aim&#8230;<\/p>","protected":false},"author":1,"featured_media":19377,"parent":0,"menu_order":0,"comment_status":"closed","ping_status":"closed","template":"","meta":{"_acf_changed":false,"footnotes":""},"class_list":["post-19266","page","type-page","status-publish","has-post-thumbnail","hentry"],"acf":[],"yoast_head":"<!-- This site is optimized with the Yoast SEO plugin v27.5 - https:\/\/yoast.com\/product\/yoast-seo-wordpress\/ -->\n<title>Our History - Goodman Ray Solicitors<\/title>\n<meta name=\"description\" content=\"Goodman Ray was established in 1985 by Peggy Ray and Judith Goodman with the aim of providing the best legal services to everyone.\" \/>\n<meta name=\"robots\" content=\"index, follow, max-snippet:-1, max-image-preview:large, max-video-preview:-1\" \/>\n<link rel=\"canonical\" href=\"https:\/\/www.goodmanray.com\/es\/our-history\/\" \/>\n<meta property=\"og:locale\" content=\"es_ES\" \/>\n<meta property=\"og:type\" content=\"article\" \/>\n<meta property=\"og:title\" content=\"Our History - Goodman Ray Solicitors\" \/>\n<meta property=\"og:description\" content=\"Goodman Ray was established in 1985 by Peggy Ray and Judith Goodman with the aim of providing the best legal services to everyone.\" \/>\n<meta property=\"og:url\" content=\"https:\/\/www.goodmanray.com\/es\/our-history\/\" \/>\n<meta property=\"og:site_name\" content=\"Goodman Ray Solicitors\" \/>\n<meta property=\"article:publisher\" content=\"https:\/\/www.facebook.com\/Goodman-Ray-Solicitors-584756541693793\/\" \/>\n<meta property=\"article:modified_time\" content=\"2024-11-06T10:04:19+00:00\" \/>\n<meta property=\"og:image\" content=\"https:\/\/www.goodmanray.com\/wp-content\/uploads\/2024\/05\/Our-History-feature-image-jpg-webp.webp\" \/>\n\t<meta property=\"og:image:width\" content=\"1200\" \/>\n\t<meta property=\"og:image:height\" content=\"800\" \/>\n\t<meta property=\"og:image:type\" content=\"image\/jpeg\" \/>\n<meta name=\"twitter:card\" content=\"summary_large_image\" \/>\n<meta name=\"twitter:site\" content=\"@GoodmanRay1\" \/>\n<script type=\"application\/ld+json\" class=\"yoast-schema-graph\">{\"@context\":\"https:\\\/\\\/schema.org\",\"@graph\":[{\"@type\":\"WebPage\",\"@id\":\"https:\\\/\\\/www.goodmanray.com\\\/our-history\\\/\",\"url\":\"https:\\\/\\\/www.goodmanray.com\\\/our-history\\\/\",\"name\":\"Our History - Goodman Ray Solicitors\",\"isPartOf\":{\"@id\":\"https:\\\/\\\/www.goodmanray.com\\\/#website\"},\"primaryImageOfPage\":{\"@id\":\"https:\\\/\\\/www.goodmanray.com\\\/our-history\\\/#primaryimage\"},\"image\":{\"@id\":\"https:\\\/\\\/www.goodmanray.com\\\/our-history\\\/#primaryimage\"},\"thumbnailUrl\":\"https:\\\/\\\/www.goodmanray.com\\\/wp-content\\\/uploads\\\/2024\\\/05\\\/Our-History-feature-image-jpg-webp.webp\",\"datePublished\":\"2024-05-13T15:17:59+00:00\",\"dateModified\":\"2024-11-06T10:04:19+00:00\",\"description\":\"Goodman Ray was established in 1985 by Peggy Ray and Judith Goodman with the aim of providing the best legal services to everyone.\",\"breadcrumb\":{\"@id\":\"https:\\\/\\\/www.goodmanray.com\\\/our-history\\\/#breadcrumb\"},\"inLanguage\":\"es\",\"potentialAction\":[{\"@type\":\"ReadAction\",\"target\":[\"https:\\\/\\\/www.goodmanray.com\\\/our-history\\\/\"]}]},{\"@type\":\"ImageObject\",\"inLanguage\":\"es\",\"@id\":\"https:\\\/\\\/www.goodmanray.com\\\/our-history\\\/#primaryimage\",\"url\":\"https:\\\/\\\/www.goodmanray.com\\\/wp-content\\\/uploads\\\/2024\\\/05\\\/Our-History-feature-image-jpg-webp.webp\",\"contentUrl\":\"https:\\\/\\\/www.goodmanray.com\\\/wp-content\\\/uploads\\\/2024\\\/05\\\/Our-History-feature-image-jpg-webp.webp\",\"width\":1200,\"height\":800,\"caption\":\"Our History Feature Image\"},{\"@type\":\"BreadcrumbList\",\"@id\":\"https:\\\/\\\/www.goodmanray.com\\\/our-history\\\/#breadcrumb\",\"itemListElement\":[{\"@type\":\"ListItem\",\"position\":1,\"name\":\"Home\",\"item\":\"https:\\\/\\\/www.goodmanray.com\\\/\"},{\"@type\":\"ListItem\",\"position\":2,\"name\":\"Our History\"}]},{\"@type\":\"WebSite\",\"@id\":\"https:\\\/\\\/www.goodmanray.com\\\/#website\",\"url\":\"https:\\\/\\\/www.goodmanray.com\\\/\",\"name\":\"Goodman Ray Solicitors\",\"description\":\"The family lawyers with a leading reputation for excellence.\",\"publisher\":{\"@id\":\"https:\\\/\\\/www.goodmanray.com\\\/#organization\"},\"potentialAction\":[{\"@type\":\"SearchAction\",\"target\":{\"@type\":\"EntryPoint\",\"urlTemplate\":\"https:\\\/\\\/www.goodmanray.com\\\/?s={search_term_string}\"},\"query-input\":{\"@type\":\"PropertyValueSpecification\",\"valueRequired\":true,\"valueName\":\"search_term_string\"}}],\"inLanguage\":\"es\"},{\"@type\":\"Organization\",\"@id\":\"https:\\\/\\\/www.goodmanray.com\\\/#organization\",\"name\":\"Goodman Ray Solicitors\",\"url\":\"https:\\\/\\\/www.goodmanray.com\\\/\",\"logo\":{\"@type\":\"ImageObject\",\"inLanguage\":\"es\",\"@id\":\"https:\\\/\\\/www.goodmanray.com\\\/#\\\/schema\\\/logo\\\/image\\\/\",\"url\":\"https:\\\/\\\/www.goodmanray.com\\\/wp-content\\\/uploads\\\/2023\\\/11\\\/GoodmanRayLogo350x70-0.svg\",\"contentUrl\":\"https:\\\/\\\/www.goodmanray.com\\\/wp-content\\\/uploads\\\/2023\\\/11\\\/GoodmanRayLogo350x70-0.svg\",\"caption\":\"Goodman Ray Solicitors\"},\"image\":{\"@id\":\"https:\\\/\\\/www.goodmanray.com\\\/#\\\/schema\\\/logo\\\/image\\\/\"},\"sameAs\":[\"https:\\\/\\\/www.facebook.com\\\/Goodman-Ray-Solicitors-584756541693793\\\/\",\"https:\\\/\\\/x.com\\\/GoodmanRay1\",\"https:\\\/\\\/uk.linkedin.com\\\/company\\\/goodman-ray\",\"https:\\\/\\\/www.instagram.com\\\/goodmanraysolicitors\\\/\"]}]}<\/script>\n<!-- \/ Yoast SEO plugin. -->","yoast_head_json":{"title":"Our History - Goodman Ray Solicitors","description":"Goodman Ray was established in 1985 by Peggy Ray and Judith Goodman with the aim of providing the best legal services to everyone.","robots":{"index":"index","follow":"follow","max-snippet":"max-snippet:-1","max-image-preview":"max-image-preview:large","max-video-preview":"max-video-preview:-1"},"canonical":"https:\/\/www.goodmanray.com\/es\/our-history\/","og_locale":"es_ES","og_type":"article","og_title":"Our History - Goodman Ray Solicitors","og_description":"Goodman Ray was established in 1985 by Peggy Ray and Judith Goodman with the aim of providing the best legal services to everyone.","og_url":"https:\/\/www.goodmanray.com\/es\/our-history\/","og_site_name":"Goodman Ray Solicitors","article_publisher":"https:\/\/www.facebook.com\/Goodman-Ray-Solicitors-584756541693793\/","article_modified_time":"2024-11-06T10:04:19+00:00","og_image":[{"width":1200,"height":800,"url":"https:\/\/www.goodmanray.com\/wp-content\/uploads\/2024\/05\/Our-History-feature-image-jpg-webp.webp","type":"image\/jpeg"}],"twitter_card":"summary_large_image","twitter_site":"@GoodmanRay1","schema":{"@context":"https:\/\/schema.org","@graph":[{"@type":"WebPage","@id":"https:\/\/www.goodmanray.com\/our-history\/","url":"https:\/\/www.goodmanray.com\/our-history\/","name":"Our History - Goodman Ray Solicitors","isPartOf":{"@id":"https:\/\/www.goodmanray.com\/#website"},"primaryImageOfPage":{"@id":"https:\/\/www.goodmanray.com\/our-history\/#primaryimage"},"image":{"@id":"https:\/\/www.goodmanray.com\/our-history\/#primaryimage"},"thumbnailUrl":"https:\/\/www.goodmanray.com\/wp-content\/uploads\/2024\/05\/Our-History-feature-image-jpg-webp.webp","datePublished":"2024-05-13T15:17:59+00:00","dateModified":"2024-11-06T10:04:19+00:00","description":"Goodman Ray was established in 1985 by Peggy Ray and Judith Goodman with the aim of providing the best legal services to everyone.","breadcrumb":{"@id":"https:\/\/www.goodmanray.com\/our-history\/#breadcrumb"},"inLanguage":"es","potentialAction":[{"@type":"ReadAction","target":["https:\/\/www.goodmanray.com\/our-history\/"]}]},{"@type":"ImageObject","inLanguage":"es","@id":"https:\/\/www.goodmanray.com\/our-history\/#primaryimage","url":"https:\/\/www.goodmanray.com\/wp-content\/uploads\/2024\/05\/Our-History-feature-image-jpg-webp.webp","contentUrl":"https:\/\/www.goodmanray.com\/wp-content\/uploads\/2024\/05\/Our-History-feature-image-jpg-webp.webp","width":1200,"height":800,"caption":"Our History Feature Image"},{"@type":"BreadcrumbList","@id":"https:\/\/www.goodmanray.com\/our-history\/#breadcrumb","itemListElement":[{"@type":"ListItem","position":1,"name":"Home","item":"https:\/\/www.goodmanray.com\/"},{"@type":"ListItem","position":2,"name":"Our History"}]},{"@type":"WebSite","@id":"https:\/\/www.goodmanray.com\/#website","url":"https:\/\/www.goodmanray.com\/","name":"Goodman Ray Abogados","description":"Los abogados de familia con mayor reputaci\u00f3n por su excelencia.","publisher":{"@id":"https:\/\/www.goodmanray.com\/#organization"},"potentialAction":[{"@type":"SearchAction","target":{"@type":"EntryPoint","urlTemplate":"https:\/\/www.goodmanray.com\/?s={search_term_string}"},"query-input":{"@type":"PropertyValueSpecification","valueRequired":true,"valueName":"search_term_string"}}],"inLanguage":"es"},{"@type":"Organization","@id":"https:\/\/www.goodmanray.com\/#organization","name":"Goodman Ray Abogados","url":"https:\/\/www.goodmanray.com\/","logo":{"@type":"ImageObject","inLanguage":"es","@id":"https:\/\/www.goodmanray.com\/#\/schema\/logo\/image\/","url":"https:\/\/www.goodmanray.com\/wp-content\/uploads\/2023\/11\/GoodmanRayLogo350x70-0.svg","contentUrl":"https:\/\/www.goodmanray.com\/wp-content\/uploads\/2023\/11\/GoodmanRayLogo350x70-0.svg","caption":"Goodman Ray Solicitors"},"image":{"@id":"https:\/\/www.goodmanray.com\/#\/schema\/logo\/image\/"},"sameAs":["https:\/\/www.facebook.com\/Goodman-Ray-Solicitors-584756541693793\/","https:\/\/x.com\/GoodmanRay1","https:\/\/uk.linkedin.com\/company\/goodman-ray","https:\/\/www.instagram.com\/goodmanraysolicitors\/"]}]}},"_links":{"self":[{"href":"https:\/\/www.goodmanray.com\/es\/wp-json\/wp\/v2\/pages\/19266","targetHints":{"allow":["GET"]}}],"collection":[{"href":"https:\/\/www.goodmanray.com\/es\/wp-json\/wp\/v2\/pages"}],"about":[{"href":"https:\/\/www.goodmanray.com\/es\/wp-json\/wp\/v2\/types\/page"}],"author":[{"embeddable":true,"href":"https:\/\/www.goodmanray.com\/es\/wp-json\/wp\/v2\/users\/1"}],"replies":[{"embeddable":true,"href":"https:\/\/www.goodmanray.com\/es\/wp-json\/wp\/v2\/comments?post=19266"}],"version-history":[{"count":8,"href":"https:\/\/www.goodmanray.com\/es\/wp-json\/wp\/v2\/pages\/19266\/revisions"}],"predecessor-version":[{"id":19782,"href":"https:\/\/www.goodmanray.com\/es\/wp-json\/wp\/v2\/pages\/19266\/revisions\/19782"}],"wp:featuredmedia":[{"embeddable":true,"href":"https:\/\/www.goodmanray.com\/es\/wp-json\/wp\/v2\/media\/19377"}],"wp:attachment":[{"href":"https:\/\/www.goodmanray.com\/es\/wp-json\/wp\/v2\/media?parent=19266"}],"curies":[{"name":"wp","href":"https:\/\/api.w.org\/{rel}","templated":true}]}}